{"id":381,"date":"2018-02-15T23:54:33","date_gmt":"2018-02-15T22:54:33","guid":{"rendered":"https:\/\/www.iax.es\/axradio\/?page_id=381"},"modified":"2023-09-06T09:12:08","modified_gmt":"2023-09-06T08:12:08","slug":"funcionamiento","status":"publish","type":"page","link":"https:\/\/www.iax.es\/axradio\/funcionamiento\/","title":{"rendered":"Funcionamiento"},"content":{"rendered":"<p>AXRadio funciona como una herramienta educativa para los alumnos y docentes del IES Alfonso X el Sabio. Los contenidos se genera, tanto en el estudio de radio, como en cualquier lugar que se estime conveniente gracias a la utilizaci\u00f3n de equipos port\u00e1tiles.<\/p>\n<p>Los contenidos generado por la emisora son difundidos a trav\u00e9s de distintas plataformas de podcast, as\u00ed como por los equipos de megafon\u00eda que est\u00e1n instalados en el patio.<\/p>\n<div>\n<section>\n<div>\n<article id=\"post-7\">\n<div>\n<p>Si quieres ponerte en contacto con nosotros, escr\u00edbenos a: <a href=\"mailto:axradio@iax.es\">axradio@iax.es<\/a> o mediante mensaje directo a trav\u00e9s de nuestras redes sociales.<\/p>\n<\/div>\n<\/article>\n<\/div>\n<\/section>\n<\/div>\n","protected":false},"excerpt":{"rendered":"AXRadio funciona como una herramienta educativa para los alumnos y docentes del IES Alfonso X el Sabio. Los contenidos se genera, tanto en el estudio de radio, como en cualquier lugar que se estime conveniente gracias a la utilizaci\u00f3n de equipos port\u00e1tiles. Los contenidos generado por la emisora son difundidos a trav\u00e9s de distintas plataformas [&hellip;]","protected":false},"author":1,"featured_media":382,"parent":0,"menu_order":4,"comment_status":"closed","ping_status":"closed","template":"","meta":[],"yoast_head":"<!-- This site is optimized with the Yoast SEO plugin v16.6.1 - https:\/\/yoast.com\/wordpress\/plugins\/seo\/ -->\n<title>Funcionamiento &ndash; AXRadio<\/title>\n<meta name=\"robots\" content=\"index, follow, max-snippet:-1, max-image-preview:large, max-video-preview:-1\" \/>\n<link rel=\"canonical\" href=\"https:\/\/www.iax.es\/axradio\/funcionamiento\/\" \/>\n<meta property=\"og:locale\" content=\"es_ES\" \/>\n<meta property=\"og:type\" content=\"article\" \/>\n<meta property=\"og:title\" content=\"Funcionamiento &ndash; AXRadio\" \/>\n<meta property=\"og:description\" content=\"AXRadio funciona como una herramienta educativa para los alumnos y docentes del IES Alfonso X el Sabio. Los contenidos se genera, tanto en el estudio de radio, como en cualquier lugar que se estime conveniente gracias a la utilizaci\u00f3n de equipos port\u00e1tiles. Los contenidos generado por la emisora son difundidos a trav\u00e9s de distintas plataformas [&hellip;]\" \/>\n<meta property=\"og:url\" content=\"https:\/\/www.iax.es\/axradio\/funcionamiento\/\" \/>\n<meta property=\"og:site_name\" content=\"AXRadio\" \/>\n<meta property=\"article:publisher\" content=\"https:\/\/www.facebook.com\/AXRadioES\/\" \/>\n<meta property=\"article:modified_time\" content=\"2023-09-06T08:12:08+00:00\" \/>\n<meta property=\"og:image\" content=\"https:\/\/www.iax.es\/axradio\/wp-content\/uploads\/sites\/2\/IMG-20170630-WA0017.jpg\" \/>\n\t<meta property=\"og:image:width\" content=\"1600\" \/>\n\t<meta property=\"og:image:height\" content=\"1200\" \/>\n<meta name=\"twitter:card\" content=\"summary_large_image\" \/>\n<meta name=\"twitter:site\" content=\"@AXRadioES\" \/>\n<meta name=\"twitter:label1\" content=\"Tiempo de lectura\" \/>\n\t<meta name=\"twitter:data1\" content=\"1 minuto\" \/>\n<script type=\"application\/ld+json\" class=\"yoast-schema-graph\">{\"@context\":\"https:\/\/schema.org\",\"@graph\":[{\"@type\":\"Organization\",\"@id\":\"https:\/\/www.iax.es\/axradio\/#organization\",\"name\":\"AXRadio\",\"url\":\"https:\/\/www.iax.es\/axradio\/\",\"sameAs\":[\"https:\/\/www.facebook.com\/AXRadioES\/\",\"https:\/\/www.instagram.com\/axradioes\/\",\"https:\/\/twitter.com\/AXRadioES\"],\"logo\":{\"@type\":\"ImageObject\",\"@id\":\"https:\/\/www.iax.es\/axradio\/#logo\",\"inLanguage\":\"es\",\"url\":\"https:\/\/www.iax.es\/axradio\/wp-content\/uploads\/sites\/2\/2017\/12\/logo-axradio-borderapp.png\",\"contentUrl\":\"https:\/\/www.iax.es\/axradio\/wp-content\/uploads\/sites\/2\/2017\/12\/logo-axradio-borderapp.png\",\"width\":260,\"height\":260,\"caption\":\"AXRadio\"},\"image\":{\"@id\":\"https:\/\/www.iax.es\/axradio\/#logo\"}},{\"@type\":\"WebSite\",\"@id\":\"https:\/\/www.iax.es\/axradio\/#website\",\"url\":\"https:\/\/www.iax.es\/axradio\/\",\"name\":\"AXRadio\",\"description\":\"La radio del IES Alfonso X el Sabio de Murcia\",\"publisher\":{\"@id\":\"https:\/\/www.iax.es\/axradio\/#organization\"},\"potentialAction\":[{\"@type\":\"SearchAction\",\"target\":{\"@type\":\"EntryPoint\",\"urlTemplate\":\"https:\/\/www.iax.es\/axradio\/?s={search_term_string}\"},\"query-input\":\"required name=search_term_string\"}],\"inLanguage\":\"es\"},{\"@type\":\"ImageObject\",\"@id\":\"https:\/\/www.iax.es\/axradio\/funcionamiento\/#primaryimage\",\"inLanguage\":\"es\",\"url\":\"https:\/\/www.iax.es\/axradio\/wp-content\/uploads\/sites\/2\/IMG-20170630-WA0017.jpg\",\"contentUrl\":\"https:\/\/www.iax.es\/axradio\/wp-content\/uploads\/sites\/2\/IMG-20170630-WA0017.jpg\",\"width\":1600,\"height\":1200},{\"@type\":\"WebPage\",\"@id\":\"https:\/\/www.iax.es\/axradio\/funcionamiento\/#webpage\",\"url\":\"https:\/\/www.iax.es\/axradio\/funcionamiento\/\",\"name\":\"Funcionamiento &ndash; AXRadio\",\"isPartOf\":{\"@id\":\"https:\/\/www.iax.es\/axradio\/#website\"},\"primaryImageOfPage\":{\"@id\":\"https:\/\/www.iax.es\/axradio\/funcionamiento\/#primaryimage\"},\"datePublished\":\"2018-02-15T22:54:33+00:00\",\"dateModified\":\"2023-09-06T08:12:08+00:00\",\"breadcrumb\":{\"@id\":\"https:\/\/www.iax.es\/axradio\/funcionamiento\/#breadcrumb\"},\"inLanguage\":\"es\",\"potentialAction\":[{\"@type\":\"ReadAction\",\"target\":[\"https:\/\/www.iax.es\/axradio\/funcionamiento\/\"]}]},{\"@type\":\"BreadcrumbList\",\"@id\":\"https:\/\/www.iax.es\/axradio\/funcionamiento\/#breadcrumb\",\"itemListElement\":[{\"@type\":\"ListItem\",\"position\":1,\"name\":\"Portada\",\"item\":\"https:\/\/www.iax.es\/axradio\/\"},{\"@type\":\"ListItem\",\"position\":2,\"name\":\"Funcionamiento\"}]}]}<\/script>\n<!-- \/ Yoast SEO plugin. -->","_links":{"self":[{"href":"https:\/\/www.iax.es\/axradio\/wp-json\/wp\/v2\/pages\/381"}],"collection":[{"href":"https:\/\/www.iax.es\/axradio\/wp-json\/wp\/v2\/pages"}],"about":[{"href":"https:\/\/www.iax.es\/axradio\/wp-json\/wp\/v2\/types\/page"}],"author":[{"embeddable":true,"href":"https:\/\/www.iax.es\/axradio\/wp-json\/wp\/v2\/users\/1"}],"replies":[{"embeddable":true,"href":"https:\/\/www.iax.es\/axradio\/wp-json\/wp\/v2\/comments?post=381"}],"version-history":[{"count":5,"href":"https:\/\/www.iax.es\/axradio\/wp-json\/wp\/v2\/pages\/381\/revisions"}],"predecessor-version":[{"id":924,"href":"https:\/\/www.iax.es\/axradio\/wp-json\/wp\/v2\/pages\/381\/revisions\/924"}],"wp:featuredmedia":[{"embeddable":true,"href":"https:\/\/www.iax.es\/axradio\/wp-json\/wp\/v2\/media\/382"}],"wp:attachment":[{"href":"https:\/\/www.iax.es\/axradio\/wp-json\/wp\/v2\/media?parent=381"}],"curies":[{"name":"wp","href":"https:\/\/api.w.org\/{rel}","templated":true}]}}