{"id":180,"date":"2025-06-02T11:26:31","date_gmt":"2025-06-02T11:26:31","guid":{"rendered":"https:\/\/www.iax.es\/fp\/?page_id=180"},"modified":"2025-06-02T11:27:26","modified_gmt":"2025-06-02T11:27:26","slug":"admision","status":"publish","type":"page","link":"https:\/\/www.iax.es\/fp\/admision\/","title":{"rendered":"Proceso de admisi\u00f3n a Ciclos Formativos de Grado Medio y Superior de Formaci\u00f3n Profesional para el curso 2025\/2026"},"content":{"rendered":"\n<p>El per\u00edodo de presentaci\u00f3n de solicitudes para el turno ordinario comenzar\u00e1 a las&nbsp;<strong>9:00 horas del d\u00eda 3 de junio de 2025 y finalizar\u00e1 a las 14:00 horas del d\u00eda 24 de junio de 2025<\/strong>&nbsp;(hora peninsular espa\u00f1ola). A continuaci\u00f3n se puede ver el calendario completo del proceso de admisi\u00f3n.<\/p>\n\n\n\n<figure class=\"wp-block-gallery columns-1 is-cropped\"><ul class=\"blocks-gallery-grid\"><li class=\"blocks-gallery-item\"><figure><img loading=\"lazy\" width=\"680\" height=\"481\" src=\"https:\/\/www.iax.es\/fp\/wp-content\/uploads\/sites\/15\/2025\/06\/Calendario-mediosuperior-1-1536x1086-1-680x481.jpg\" alt=\"\" data-id=\"181\" data-full-url=\"https:\/\/www.iax.es\/fp\/wp-content\/uploads\/sites\/15\/2025\/06\/Calendario-mediosuperior-1-1536x1086-1.jpg\" data-link=\"https:\/\/www.iax.es\/fp\/?attachment_id=181\" class=\"wp-image-181\" srcset=\"https:\/\/www.iax.es\/fp\/wp-content\/uploads\/sites\/15\/2025\/06\/Calendario-mediosuperior-1-1536x1086-1-680x481.jpg 680w, https:\/\/www.iax.es\/fp\/wp-content\/uploads\/sites\/15\/2025\/06\/Calendario-mediosuperior-1-1536x1086-1-300x212.jpg 300w, https:\/\/www.iax.es\/fp\/wp-content\/uploads\/sites\/15\/2025\/06\/Calendario-mediosuperior-1-1536x1086-1-768x543.jpg 768w, https:\/\/www.iax.es\/fp\/wp-content\/uploads\/sites\/15\/2025\/06\/Calendario-mediosuperior-1-1536x1086-1.jpg 1536w\" sizes=\"(max-width: 680px) 100vw, 680px\" \/><\/figure><\/li><\/ul><\/figure>\n\n\n\n<p>En el siguiente enlace se puede consultar&nbsp;toda la&nbsp;informaci\u00f3n sobre el&nbsp;<a href=\"https:\/\/www.carm.es\/web\/pagina?IDCONTENIDO=23242&amp;IDTIPO=100&amp;RASTRO=c816$m17010\" target=\"_blank\" rel=\"noreferrer noopener\">proceso de admisi\u00f3n a Ciclos Formativos de Grado&nbsp;Medio y Superior de Formaci\u00f3n Profesional para el Curso 2025\/2026<\/a>.<\/p>\n\n\n\n<p>En el siguiente enlace se puede consultar la&nbsp;<a href=\"https:\/\/www.iax.es\/wp-content\/uploads\/2025\/05\/resolucion_proceso_admision_FP_2025.pdf\" target=\"_blank\" rel=\"noreferrer noopener\">normativa del proceso<\/a>.<\/p>\n\n\n\n<p>Se abre el periodo de matriculaci\u00f3n para la FP de Grado B\u00e1sico, que ser\u00e1 Desde las 9:00 h del 28 de abril hasta las 14:00 h del 14 de mayo de 2025. El formulario de la solicitud se cumplimentar\u00e1 a trav\u00e9s de la Sede Electr\u00f3nica (Procedimiento 1125). Si se opta por el formulario de presentaci\u00f3n presencial, se deber\u00e1 adem\u00e1s imprimir el justificante obtenido del formulario de la solicitud y presentarlo en la secretar\u00eda del centro donde el alumno haya estado escolarizado. Pod\u00e9is encontrar mas informaci\u00f3n en la&nbsp;<a href=\"https:\/\/www.carm.es\/web\/pagina?IDCONTENIDO=72572&amp;IDTIPO=100&amp;RASTRO=c816$m17010,48274\">web oficial<\/a>&nbsp;de la CARM.<\/p>\n\n\n\n<p>La matr\u00edcula para los cursos de Formaci\u00f3n Profesional para el curso acad\u00e9mico 2025\/2026 no est\u00e1 abierta. En cuanto tengamos la informaci\u00f3n necesaria, la pondremos a vuestra disposici\u00f3n. El periodo de matr\u00edcula no empieza hasta el mes de junio<\/p>\n","protected":false},"excerpt":{"rendered":"El per\u00edodo de presentaci\u00f3n de solicitudes para el turno ordinario comenzar\u00e1 a las&nbsp;9:00 horas del d\u00eda 3 de junio de 2025 y finalizar\u00e1 a las 14:00 horas del d\u00eda 24 de junio de 2025&nbsp;(hora peninsular espa\u00f1ola). A continuaci\u00f3n se puede ver el calendario completo del proceso de admisi\u00f3n. En el siguiente enlace se puede consultar&nbsp;toda [&hellip;]","protected":false},"author":12,"featured_media":0,"parent":0,"menu_order":14,"comment_status":"closed","ping_status":"closed","template":"","meta":[],"yoast_head":"<!-- This site is optimized with the Yoast SEO plugin v16.6.1 - https:\/\/yoast.com\/wordpress\/plugins\/seo\/ -->\n<title>Proceso de admisi\u00f3n a Ciclos Formativos de Grado Medio y Superior de Formaci\u00f3n Profesional para el curso 2025\/2026 - Formaci\u00f3n Profesional del IES Alfonso X el Sabio<\/title>\n<meta name=\"robots\" content=\"index, follow, max-snippet:-1, max-image-preview:large, max-video-preview:-1\" \/>\n<link rel=\"canonical\" href=\"https:\/\/www.iax.es\/fp\/admision\/\" \/>\n<meta property=\"og:locale\" content=\"es_ES\" \/>\n<meta property=\"og:type\" content=\"article\" \/>\n<meta property=\"og:title\" content=\"Proceso de admisi\u00f3n a Ciclos Formativos de Grado Medio y Superior de Formaci\u00f3n Profesional para el curso 2025\/2026 - Formaci\u00f3n Profesional del IES Alfonso X el Sabio\" \/>\n<meta property=\"og:description\" content=\"El per\u00edodo de presentaci\u00f3n de solicitudes para el turno ordinario comenzar\u00e1 a las&nbsp;9:00 horas del d\u00eda 3 de junio de 2025 y finalizar\u00e1 a las 14:00 horas del d\u00eda 24 de junio de 2025&nbsp;(hora peninsular espa\u00f1ola). A continuaci\u00f3n se puede ver el calendario completo del proceso de admisi\u00f3n. En el siguiente enlace se puede consultar&nbsp;toda [&hellip;]\" \/>\n<meta property=\"og:url\" content=\"https:\/\/www.iax.es\/fp\/admision\/\" \/>\n<meta property=\"og:site_name\" content=\"Formaci\u00f3n Profesional del IES Alfonso X el Sabio\" \/>\n<meta property=\"article:modified_time\" content=\"2025-06-02T11:27:26+00:00\" \/>\n<meta property=\"og:image\" content=\"https:\/\/www.iax.es\/fp\/wp-content\/uploads\/sites\/15\/2025\/06\/Calendario-mediosuperior-1-1536x1086-1-680x481.jpg\" \/>\n<meta name=\"twitter:card\" content=\"summary_large_image\" \/>\n<meta name=\"twitter:label1\" content=\"Tiempo de lectura\" \/>\n\t<meta name=\"twitter:data1\" content=\"2 minutos\" \/>\n<script type=\"application\/ld+json\" class=\"yoast-schema-graph\">{\"@context\":\"https:\/\/schema.org\",\"@graph\":[{\"@type\":\"WebSite\",\"@id\":\"https:\/\/www.iax.es\/fp\/#website\",\"url\":\"https:\/\/www.iax.es\/fp\/\",\"name\":\"Formaci\\u00f3n Profesional del IES Alfonso X el Sabio\",\"description\":\"Otro sitio m\\u00e1s de iax_wpmu\",\"potentialAction\":[{\"@type\":\"SearchAction\",\"target\":{\"@type\":\"EntryPoint\",\"urlTemplate\":\"https:\/\/www.iax.es\/fp\/?s={search_term_string}\"},\"query-input\":\"required name=search_term_string\"}],\"inLanguage\":\"es\"},{\"@type\":\"ImageObject\",\"@id\":\"https:\/\/www.iax.es\/fp\/admision\/#primaryimage\",\"inLanguage\":\"es\",\"url\":\"https:\/\/www.iax.es\/fp\/wp-content\/uploads\/sites\/15\/2025\/06\/Calendario-mediosuperior-1-1536x1086-1.jpg\",\"contentUrl\":\"https:\/\/www.iax.es\/fp\/wp-content\/uploads\/sites\/15\/2025\/06\/Calendario-mediosuperior-1-1536x1086-1.jpg\",\"width\":1536,\"height\":1086},{\"@type\":\"WebPage\",\"@id\":\"https:\/\/www.iax.es\/fp\/admision\/#webpage\",\"url\":\"https:\/\/www.iax.es\/fp\/admision\/\",\"name\":\"Proceso de admisi\\u00f3n a Ciclos Formativos de Grado Medio y Superior de Formaci\\u00f3n Profesional para el curso 2025\/2026 - Formaci\\u00f3n Profesional del IES Alfonso X el Sabio\",\"isPartOf\":{\"@id\":\"https:\/\/www.iax.es\/fp\/#website\"},\"primaryImageOfPage\":{\"@id\":\"https:\/\/www.iax.es\/fp\/admision\/#primaryimage\"},\"datePublished\":\"2025-06-02T11:26:31+00:00\",\"dateModified\":\"2025-06-02T11:27:26+00:00\",\"breadcrumb\":{\"@id\":\"https:\/\/www.iax.es\/fp\/admision\/#breadcrumb\"},\"inLanguage\":\"es\",\"potentialAction\":[{\"@type\":\"ReadAction\",\"target\":[\"https:\/\/www.iax.es\/fp\/admision\/\"]}]},{\"@type\":\"BreadcrumbList\",\"@id\":\"https:\/\/www.iax.es\/fp\/admision\/#breadcrumb\",\"itemListElement\":[{\"@type\":\"ListItem\",\"position\":1,\"name\":\"Portada\",\"item\":\"https:\/\/www.iax.es\/fp\/\"},{\"@type\":\"ListItem\",\"position\":2,\"name\":\"Proceso de admisi\\u00f3n a Ciclos Formativos de Grado Medio y Superior de Formaci\\u00f3n Profesional para el curso 2025\/2026\"}]}]}<\/script>\n<!-- \/ Yoast SEO plugin. -->","_links":{"self":[{"href":"https:\/\/www.iax.es\/fp\/wp-json\/wp\/v2\/pages\/180"}],"collection":[{"href":"https:\/\/www.iax.es\/fp\/wp-json\/wp\/v2\/pages"}],"about":[{"href":"https:\/\/www.iax.es\/fp\/wp-json\/wp\/v2\/types\/page"}],"author":[{"embeddable":true,"href":"https:\/\/www.iax.es\/fp\/wp-json\/wp\/v2\/users\/12"}],"replies":[{"embeddable":true,"href":"https:\/\/www.iax.es\/fp\/wp-json\/wp\/v2\/comments?post=180"}],"version-history":[{"count":2,"href":"https:\/\/www.iax.es\/fp\/wp-json\/wp\/v2\/pages\/180\/revisions"}],"predecessor-version":[{"id":183,"href":"https:\/\/www.iax.es\/fp\/wp-json\/wp\/v2\/pages\/180\/revisions\/183"}],"wp:attachment":[{"href":"https:\/\/www.iax.es\/fp\/wp-json\/wp\/v2\/media?parent=180"}],"curies":[{"name":"wp","href":"https:\/\/api.w.org\/{rel}","templated":true}]}}