{"id":35,"date":"2025-02-27T09:47:39","date_gmt":"2025-02-27T09:47:39","guid":{"rendered":"https:\/\/www.iax.es\/fp\/?page_id=35"},"modified":"2025-06-18T11:21:01","modified_gmt":"2025-06-18T11:21:01","slug":"smr","status":"publish","type":"page","link":"https:\/\/www.iax.es\/fp\/smr\/","title":{"rendered":"SMR"},"content":{"rendered":"\n<p><strong>CFGM Sistemas Microinform\u00e1ticos y Redes (SMR)<\/strong><\/p>\n\n\n\n<div class=\"wp-block-image\"><figure class=\"aligncenter size-large is-resized\"><img loading=\"lazy\" src=\"https:\/\/www.iax.es\/fp\/wp-content\/uploads\/sites\/15\/2025\/03\/placa_archivo_calidad-680x510.png\" alt=\"\" class=\"wp-image-147\" width=\"463\" height=\"346\" srcset=\"https:\/\/www.iax.es\/fp\/wp-content\/uploads\/sites\/15\/2025\/03\/placa_archivo_calidad-680x510.png 680w, https:\/\/www.iax.es\/fp\/wp-content\/uploads\/sites\/15\/2025\/03\/placa_archivo_calidad-300x225.png 300w, https:\/\/www.iax.es\/fp\/wp-content\/uploads\/sites\/15\/2025\/03\/placa_archivo_calidad-768x576.png 768w, https:\/\/www.iax.es\/fp\/wp-content\/uploads\/sites\/15\/2025\/03\/placa_archivo_calidad-1536x1152.png 1536w, https:\/\/www.iax.es\/fp\/wp-content\/uploads\/sites\/15\/2025\/03\/placa_archivo_calidad-2048x1536.png 2048w\" sizes=\"(max-width: 463px) 100vw, 463px\" \/><\/figure><\/div>\n\n\n\n<p>El <strong>Ciclo de Sistemas Microinform\u00e1ticos y Redes (SMR)<\/strong> te forma como un profesional clave en entornos laborales con equipos inform\u00e1ticos. Aprender\u00e1s a instalar y gestionar sistemas operativos, impresoras, redes, seguridad inform\u00e1tica y herramientas ofim\u00e1ticas, adem\u00e1s de especializarte en montaje y reparaci\u00f3n de equipos, un perfil muy demandado por empresas tecnol\u00f3gicas.<\/p>\n\n\n\n<p>Ofrecemos una <strong>formaci\u00f3n oficial, gratuita y actualizada<\/strong>, con un enfoque pr\u00e1ctico adaptado al mercado laboral. Este ciclo tambi\u00e9n facilita el acceso a otros estudios como Administraci\u00f3n de Sistemas en Red y Desarrollo de Aplicaciones Web o Multiplataforma.<\/p>\n\n\n\n<p>Con excelentes perspectivas laborales, los t\u00e9cnicos de SMR son muy solicitados por la creciente dependencia de las empresas en la tecnolog\u00eda.<\/p>\n\n\n\n<p>El ciclo formativo se imparte en turno de tarde con horario de 16:15 a 22:00 horas. Cada clase es de 55 minutos y hay un descanso de 15 minutos de 18 a 18:15.<\/p>\n\n\n\n<p><strong>Para acceder al ciclo, debes cumplir alguno de los siguientes requisitos:<\/strong><\/p>\n\n\n\n<ul><li>Tener alguno de los siguientes t\u00edtulos:<ul><li>T\u00edtulo de <strong>Graduado\/a en Educaci\u00f3n Secundaria Obligatoria<\/strong> o de un nivel acad\u00e9mico superior.<\/li><li>T\u00edtulo Profesional B\u00e1sico (Formaci\u00f3n Profesional de Grado B\u00e1sico).<\/li><li>T\u00edtulo de T\u00e9cnico\/a o de T\u00e9cnico\/a Auxiliar o equivalente a efectos acad\u00e9micos.<\/li><\/ul><\/li><li>Haber superado:<ul><li>2\u00ba curso del Bachillerato Unificado y Polivalente (BUP).<\/li><li>Prueba de acceso a ciclos formativos de grado medio (se requerir\u00e1 tener, al menos, diecisiete a\u00f1os, cumplidos en el a\u00f1o de realizaci\u00f3n de la prueba).<\/li><li>Prueba de acceso a la Universidad para mayores de 25 a\u00f1os (la superaci\u00f3n de las pruebas de acceso a la Universidad para mayores de 40 y 45 a\u00f1os no es un requisito v\u00e1lido para acceder a FP).<\/li><\/ul><\/li><\/ul>\n\n\n\n<p><strong>El plan de formaci\u00f3n es el siguiente:<\/strong><\/p>\n\n\n\n<p><strong>Primer curso<\/strong><\/p>\n\n\n\n<figure class=\"wp-block-table aligncenter is-style-stripes\"><table class=\"has-subtle-light-gray-background-color has-background\"><tbody><tr><td class=\"has-text-align-center\" data-align=\"center\"><strong>Clave<\/strong><\/td><td><strong>M\u00d3DULO PROFESIONAL<\/strong><\/td><td class=\"has-text-align-center\" data-align=\"center\"><strong>HORAS SEMANALES<\/strong><\/td><\/tr><tr><td class=\"has-text-align-center\" data-align=\"center\">0221     <\/td><td>Montaje y mantenimiento de equipo<\/td><td class=\"has-text-align-center\" data-align=\"center\">7<\/td><\/tr><tr><td class=\"has-text-align-center\" data-align=\"center\">0222     <\/td><td>Sistemas operativos monopuesto<\/td><td class=\"has-text-align-center\" data-align=\"center\">5<\/td><\/tr><tr><td class=\"has-text-align-center\" data-align=\"center\">0223     <\/td><td>Aplicaciones ofim\u00e1ticas<\/td><td class=\"has-text-align-center\" data-align=\"center\">6<\/td><\/tr><tr><td class=\"has-text-align-center\" data-align=\"center\">0225     <\/td><td>Redes locales (PRL)<\/td><td class=\"has-text-align-center\" data-align=\"center\">6<\/td><\/tr><tr><td class=\"has-text-align-center\" data-align=\"center\">1709     &nbsp;<\/td><td>Itinerario personal para la Empleabilidad I (PRL)<\/td><td class=\"has-text-align-center\" data-align=\"center\">3<\/td><\/tr><tr><td class=\"has-text-align-center\" data-align=\"center\">1664     <\/td><td>Digitalizaci\u00f3n aplicada a los sectores productivos<\/td><td class=\"has-text-align-center\" data-align=\"center\">1<\/td><\/tr><tr><td class=\"has-text-align-center\" data-align=\"center\">0156     <\/td><td>Ingl\u00e9s profesional (GM)<\/td><td class=\"has-text-align-center\" data-align=\"center\">2<\/td><\/tr><\/tbody><\/table><\/figure>\n\n\n\n<p><strong>Segundo curso<\/strong><\/p>\n\n\n\n<figure class=\"wp-block-table aligncenter is-style-stripes\"><table class=\"has-subtle-light-gray-background-color has-background\"><tbody><tr><td class=\"has-text-align-center\" data-align=\"center\"><strong>CLAVE<\/strong><\/td><td class=\"has-text-align-center\" data-align=\"center\"><strong>M\u00d3DULO PROFESIONAL<\/strong><\/td><td class=\"has-text-align-center\" data-align=\"center\"><strong>HORAS SEMANALES<\/strong><\/td><\/tr><tr><td class=\"has-text-align-center\" data-align=\"center\">0224    <\/td><td class=\"has-text-align-center\" data-align=\"center\">Sistemas operativos en red<\/td><td class=\"has-text-align-center\" data-align=\"center\">8<\/td><\/tr><tr><td class=\"has-text-align-center\" data-align=\"center\">0226     <\/td><td class=\"has-text-align-center\" data-align=\"center\">Seguridad inform\u00e1tica<\/td><td class=\"has-text-align-center\" data-align=\"center\">5<\/td><\/tr><tr><td class=\"has-text-align-center\" data-align=\"center\">0227     <\/td><td class=\"has-text-align-center\" data-align=\"center\">Servicios en red<\/td><td class=\"has-text-align-center\" data-align=\"center\">7<\/td><\/tr><tr><td class=\"has-text-align-center\" data-align=\"center\">0228    <\/td><td class=\"has-text-align-center\" data-align=\"center\">Aplicaciones web<\/td><td class=\"has-text-align-center\" data-align=\"center\">4<\/td><\/tr><tr><td class=\"has-text-align-center\" data-align=\"center\">1710    <\/td><td class=\"has-text-align-center\" data-align=\"center\">Itinerario personal para la Empleabilidad II<\/td><td class=\"has-text-align-center\" data-align=\"center\">2<\/td><\/tr><tr><td class=\"has-text-align-center\" data-align=\"center\">1708    <\/td><td class=\"has-text-align-center\" data-align=\"center\">Sostenibilidad aplicada al sistema productivo<\/td><td class=\"has-text-align-center\" data-align=\"center\">1<\/td><\/tr><tr><td class=\"has-text-align-center\" data-align=\"center\">&nbsp; &nbsp; &nbsp;<\/td><td class=\"has-text-align-center\" data-align=\"center\">&nbsp;Optativa<\/td><td class=\"has-text-align-center\" data-align=\"center\">2<\/td><\/tr><tr><td class=\"has-text-align-center\" data-align=\"center\">0664    <\/td><td class=\"has-text-align-center\" data-align=\"center\">Proyecto Intermodular&nbsp;SMR<\/td><td class=\"has-text-align-center\" data-align=\"center\">1<\/td><\/tr><tr><td class=\"has-text-align-center\" data-align=\"center\"><\/td><td class=\"has-text-align-center\" data-align=\"center\">Formaci\u00f3n en empresa (horas totales)<\/td><td class=\"has-text-align-center\" data-align=\"center\">500 horas<\/td><\/tr><\/tbody><\/table><\/figure>\n\n\n\n<br>\n<br>\n<figure class=\"wp-block-embed aligncenter is-type-wp-embed is-provider-canva wp-block-embed-canva\" align=\"center\"><div class=\"wp-block-embed__wrapper\">\n<iframe class=\"wp-embedded-content\" sandbox=\"allow-scripts\" security=\"restricted\" title=\"IES Alfonso X el sabio\" src=\"https:\/\/www.canva.com\/design\/DAGqCKOpK0o\/XhiRy4jsp2HpTCxwTq85Xg\/view?embed&#038;meta#?secret=pvpgNK00hY\" data-secret=\"pvpgNK00hY\" height=\"383\" width=\"680\"><\/iframe>\n<\/div><\/figure>\n","protected":false},"excerpt":{"rendered":"CFGM Sistemas Microinform\u00e1ticos y Redes (SMR) El Ciclo de Sistemas Microinform\u00e1ticos y Redes (SMR) te forma como un profesional clave en entornos laborales con equipos inform\u00e1ticos. Aprender\u00e1s a instalar y gestionar sistemas operativos, impresoras, redes, seguridad inform\u00e1tica y herramientas ofim\u00e1ticas, adem\u00e1s de especializarte en montaje y reparaci\u00f3n de equipos, un perfil muy demandado por empresas [&hellip;]","protected":false},"author":12,"featured_media":0,"parent":0,"menu_order":2,"comment_status":"closed","ping_status":"closed","template":"","meta":[],"yoast_head":"<!-- This site is optimized with the Yoast SEO plugin v16.6.1 - https:\/\/yoast.com\/wordpress\/plugins\/seo\/ -->\n<title>SMR - Formaci\u00f3n Profesional del IES Alfonso X el Sabio<\/title>\n<meta name=\"robots\" content=\"index, follow, max-snippet:-1, max-image-preview:large, max-video-preview:-1\" \/>\n<link rel=\"canonical\" href=\"https:\/\/www.iax.es\/fp\/smr\/\" \/>\n<meta property=\"og:locale\" content=\"es_ES\" \/>\n<meta property=\"og:type\" content=\"article\" \/>\n<meta property=\"og:title\" content=\"SMR - Formaci\u00f3n Profesional del IES Alfonso X el Sabio\" \/>\n<meta property=\"og:description\" content=\"CFGM Sistemas Microinform\u00e1ticos y Redes (SMR) El Ciclo de Sistemas Microinform\u00e1ticos y Redes (SMR) te forma como un profesional clave en entornos laborales con equipos inform\u00e1ticos. Aprender\u00e1s a instalar y gestionar sistemas operativos, impresoras, redes, seguridad inform\u00e1tica y herramientas ofim\u00e1ticas, adem\u00e1s de especializarte en montaje y reparaci\u00f3n de equipos, un perfil muy demandado por empresas [&hellip;]\" \/>\n<meta property=\"og:url\" content=\"https:\/\/www.iax.es\/fp\/smr\/\" \/>\n<meta property=\"og:site_name\" content=\"Formaci\u00f3n Profesional del IES Alfonso X el Sabio\" \/>\n<meta property=\"article:modified_time\" content=\"2025-06-18T11:21:01+00:00\" \/>\n<meta property=\"og:image\" content=\"https:\/\/www.iax.es\/fp\/wp-content\/uploads\/sites\/15\/2025\/03\/placa_archivo_calidad-680x510.png\" \/>\n<meta name=\"twitter:card\" content=\"summary_large_image\" \/>\n<meta name=\"twitter:label1\" content=\"Tiempo de lectura\" \/>\n\t<meta name=\"twitter:data1\" content=\"2 minutos\" \/>\n<script type=\"application\/ld+json\" class=\"yoast-schema-graph\">{\"@context\":\"https:\/\/schema.org\",\"@graph\":[{\"@type\":\"WebSite\",\"@id\":\"https:\/\/www.iax.es\/fp\/#website\",\"url\":\"https:\/\/www.iax.es\/fp\/\",\"name\":\"Formaci\\u00f3n Profesional del IES Alfonso X el Sabio\",\"description\":\"Otro sitio m\\u00e1s de iax_wpmu\",\"potentialAction\":[{\"@type\":\"SearchAction\",\"target\":{\"@type\":\"EntryPoint\",\"urlTemplate\":\"https:\/\/www.iax.es\/fp\/?s={search_term_string}\"},\"query-input\":\"required name=search_term_string\"}],\"inLanguage\":\"es\"},{\"@type\":\"ImageObject\",\"@id\":\"https:\/\/www.iax.es\/fp\/smr\/#primaryimage\",\"inLanguage\":\"es\",\"url\":\"https:\/\/www.iax.es\/fp\/wp-content\/uploads\/sites\/15\/2025\/03\/placa_archivo_calidad.png\",\"contentUrl\":\"https:\/\/www.iax.es\/fp\/wp-content\/uploads\/sites\/15\/2025\/03\/placa_archivo_calidad.png\",\"width\":4725,\"height\":3543},{\"@type\":\"WebPage\",\"@id\":\"https:\/\/www.iax.es\/fp\/smr\/#webpage\",\"url\":\"https:\/\/www.iax.es\/fp\/smr\/\",\"name\":\"SMR - Formaci\\u00f3n Profesional del IES Alfonso X el Sabio\",\"isPartOf\":{\"@id\":\"https:\/\/www.iax.es\/fp\/#website\"},\"primaryImageOfPage\":{\"@id\":\"https:\/\/www.iax.es\/fp\/smr\/#primaryimage\"},\"datePublished\":\"2025-02-27T09:47:39+00:00\",\"dateModified\":\"2025-06-18T11:21:01+00:00\",\"breadcrumb\":{\"@id\":\"https:\/\/www.iax.es\/fp\/smr\/#breadcrumb\"},\"inLanguage\":\"es\",\"potentialAction\":[{\"@type\":\"ReadAction\",\"target\":[\"https:\/\/www.iax.es\/fp\/smr\/\"]}]},{\"@type\":\"BreadcrumbList\",\"@id\":\"https:\/\/www.iax.es\/fp\/smr\/#breadcrumb\",\"itemListElement\":[{\"@type\":\"ListItem\",\"position\":1,\"name\":\"Portada\",\"item\":\"https:\/\/www.iax.es\/fp\/\"},{\"@type\":\"ListItem\",\"position\":2,\"name\":\"SMR\"}]}]}<\/script>\n<!-- \/ Yoast SEO plugin. -->","_links":{"self":[{"href":"https:\/\/www.iax.es\/fp\/wp-json\/wp\/v2\/pages\/35"}],"collection":[{"href":"https:\/\/www.iax.es\/fp\/wp-json\/wp\/v2\/pages"}],"about":[{"href":"https:\/\/www.iax.es\/fp\/wp-json\/wp\/v2\/types\/page"}],"author":[{"embeddable":true,"href":"https:\/\/www.iax.es\/fp\/wp-json\/wp\/v2\/users\/12"}],"replies":[{"embeddable":true,"href":"https:\/\/www.iax.es\/fp\/wp-json\/wp\/v2\/comments?post=35"}],"version-history":[{"count":21,"href":"https:\/\/www.iax.es\/fp\/wp-json\/wp\/v2\/pages\/35\/revisions"}],"predecessor-version":[{"id":279,"href":"https:\/\/www.iax.es\/fp\/wp-json\/wp\/v2\/pages\/35\/revisions\/279"}],"wp:attachment":[{"href":"https:\/\/www.iax.es\/fp\/wp-json\/wp\/v2\/media?parent=35"}],"curies":[{"name":"wp","href":"https:\/\/api.w.org\/{rel}","templated":true}]}}