{"id":37,"date":"2025-02-27T09:51:49","date_gmt":"2025-02-27T09:51:49","guid":{"rendered":"https:\/\/www.iax.es\/fp\/?page_id=37"},"modified":"2025-06-18T11:13:37","modified_gmt":"2025-06-18T11:13:37","slug":"fp-basica","status":"publish","type":"page","link":"https:\/\/www.iax.es\/fp\/fp-basica\/","title":{"rendered":"FP B\u00e1sica"},"content":{"rendered":"\n<h3>CF GB Inform\u00e1tica de oficina<\/h3>\n\n\n\n<p>El <strong>CF de Grado B\u00e1sico en Inform\u00e1tica de Oficina<\/strong> te ofrece una formaci\u00f3n esencial en herramientas tecnol\u00f3gicas y habilidades pr\u00e1cticas en inform\u00e1tica y redes. Aprender\u00e1s a manejar procesadores de texto, hojas de c\u00e1lculo y presentaciones, adem\u00e1s de montar y configurar equipos y redes locales.<\/p>\n\n\n\n<p>Este ciclo te prepara tanto para tareas administrativas informatizadas como para afrontar retos t\u00e9cnicos en entornos laborales reales. Adem\u00e1s, te permite acceder a <strong>ciclos de grado medio<\/strong>, como <strong>Sistemas Microinform\u00e1ticos y Redes<\/strong>, ampliando as\u00ed tus oportunidades de formaci\u00f3n.<\/p>\n\n\n\n<p>Con esta titulaci\u00f3n, podr\u00e1s trabajar en empresas de comercializaci\u00f3n, montaje, mantenimiento y reparaci\u00f3n de sistemas inform\u00e1ticos, as\u00ed como en cualquier sector que requiera el uso de tecnolog\u00eda para su gesti\u00f3n.<\/p>\n\n\n\n<p>El ciclo formativo se imparte en turno de ma\u00f1ana, con horario de 8:15 a 14:15 horas. Cada clase es de 55 minutos y hay un descanso de 30 minutos de 11:00 a 11:15 horas.<\/p>\n\n\n\n<p>\u00a1Estamos entusiasmados por acompa\u00f1arte en este camino hacia tu crecimiento personal y profesional!<\/p>\n\n\n\n<p><strong>Para acceder al ciclo, debes cumplir alguno de los siguientes requisitos:<\/strong><\/p>\n\n\n\n<ul><li>Tener cumplidos quince a\u00f1os, o cumplirlos durante el a\u00f1o natural en curso<\/li><li>Haber cursado 3\u00ba de E.S.O. o, excepcionalmente y a criterio del equipo docente y el responsable de la orientaci\u00f3n en el centro, el 2\u00ba de E.S.O.<\/li><li>Ser objeto de propuesta o solicitar a petici\u00f3n propia, junto con tus padres, madres o tutores legales, la incorporaci\u00f3n a un ciclo formativo de grado b\u00e1sico, cuando tu perfil profesional as\u00ed lo aconseje<\/li><li>En el supuesto de realizaci\u00f3n de un ciclo formativo en r\u00e9gimen intensivo, deber\u00e1s tener cumplidos 16 a\u00f1os para poder acceder a la formaci\u00f3n pr\u00e1ctica en empresa por esta modalidad, al estar vinculada a la contrataci\u00f3n.<\/li><\/ul>\n\n\n\n<p><strong>Primer curso<\/strong><\/p>\n\n\n\n<figure class=\"wp-block-table aligncenter is-style-stripes\"><table class=\"has-subtle-light-gray-background-color has-background\"><tbody><tr><td><strong>M\u00d3DULO PROFESIONAL<\/strong><\/td><td class=\"has-text-align-center\" data-align=\"center\"><strong>HORAS SEMANALES<\/strong><\/td><\/tr><tr><td>Instalaci\u00f3n y mantenimiento de redes para transmisi\u00f3n<\/td><td class=\"has-text-align-center\" data-align=\"center\">10<\/td><\/tr><tr><td>Operaciones auxiliares para la configuraci\u00f3n y la explotaci\u00f3n<\/td><td class=\"has-text-align-center\" data-align=\"center\">7<\/td><\/tr><tr><td>Matem\u00e1ticas aplicadas I<\/td><td class=\"has-text-align-center\" data-align=\"center\">2<\/td><\/tr><tr><td>Ciencias aplicadas I<\/td><td class=\"has-text-align-center\" data-align=\"center\">2<\/td><\/tr><tr><td>Lengua Castellana I<\/td><td class=\"has-text-align-center\" data-align=\"center\">2<\/td><\/tr><tr><td>Ciencias sociales I<\/td><td class=\"has-text-align-center\" data-align=\"center\">2<\/td><\/tr><tr><td>Educaci\u00f3n f\u00edsico-deportiva<\/td><td class=\"has-text-align-center\" data-align=\"center\">1<\/td><\/tr><tr><td>Itinerario personal para la empleabilidad<\/td><td class=\"has-text-align-center\" data-align=\"center\">2<\/td><\/tr><tr><td>Lengua extranjera de iniciaci\u00f3nprofesional<\/td><td class=\"has-text-align-center\" data-align=\"center\">1<\/td><\/tr><tr><td>Tutor\u00eda<\/td><td class=\"has-text-align-center\" data-align=\"center\">1<\/td><\/tr><\/tbody><\/table><\/figure>\n\n\n\n<p><strong>Segundo curso<\/strong><\/p>\n\n\n\n<p><\/p>\n\n\n\n<figure class=\"wp-block-table aligncenter is-style-stripes\"><table class=\"has-subtle-light-gray-background-color has-background\"><tbody><tr><td><strong>M\u00d3DULO PROFESIONAL<\/strong><\/td><td class=\"has-text-align-center\" data-align=\"center\"><strong>HORAS SEMANALES<\/strong><\/td><\/tr><tr><td>Instalaci\u00f3n y mantenimiento de redes para transmisi\u00f3n de datos<\/td><td class=\"has-text-align-center\" data-align=\"center\">8<\/td><\/tr><tr><td>Operaciones auxiliares para la configuraci\u00f3n y la explotaci\u00f3n<\/td><td class=\"has-text-align-center\" data-align=\"center\">8<\/td><\/tr><tr><td>Matem\u00e1ticas aplicadas I<\/td><td class=\"has-text-align-center\" data-align=\"center\">3<\/td><\/tr><tr><td>Ciencias aplicadas I<\/td><td class=\"has-text-align-center\" data-align=\"center\">2<\/td><\/tr><tr><td>Lengua Castellana I<\/td><td class=\"has-text-align-center\" data-align=\"center\">3<\/td><\/tr><tr><td>Ciencias sociales I<\/td><td class=\"has-text-align-center\" data-align=\"center\">2<\/td><\/tr><tr><td>Educaci\u00f3n f\u00edsico-deportiva<\/td><td class=\"has-text-align-center\" data-align=\"center\">1<\/td><\/tr><tr><td>Lengua extranjera de iniciaci\u00f3nprofesional<\/td><td class=\"has-text-align-center\" data-align=\"center\">2<\/td><\/tr><tr><td>Tutor\u00eda<\/td><td class=\"has-text-align-center\" data-align=\"center\">1<\/td><\/tr><\/tbody><\/table><\/figure>\n\n\n\n<br>\n<br>\n<figure class=\"wp-block-embed aligncenter is-type-wp-embed is-provider-canva wp-block-embed-canva\" align=\"center\"><div class=\"wp-block-embed__wrapper\">\n<iframe class=\"wp-embedded-content\" sandbox=\"allow-scripts\" security=\"restricted\" title=\"Copia de IES Alfonso X el sabio\" src=\"https:\/\/www.canva.com\/design\/DAGqOVg2q0M\/dXmZ1drUxcQ3zhPW9HfdRQ\/view?embed&#038;meta#?secret=My4GWdplV9\" data-secret=\"My4GWdplV9\" height=\"383\" width=\"680\"><\/iframe>\n<\/div><\/figure>\n","protected":false},"excerpt":{"rendered":"CF GB Inform\u00e1tica de oficina El CF de Grado B\u00e1sico en Inform\u00e1tica de Oficina te ofrece una formaci\u00f3n esencial en herramientas tecnol\u00f3gicas y habilidades pr\u00e1cticas en inform\u00e1tica y redes. Aprender\u00e1s a manejar procesadores de texto, hojas de c\u00e1lculo y presentaciones, adem\u00e1s de montar y configurar equipos y redes locales. Este ciclo te prepara tanto para [&hellip;]","protected":false},"author":12,"featured_media":0,"parent":0,"menu_order":3,"comment_status":"closed","ping_status":"closed","template":"","meta":[],"yoast_head":"<!-- This site is optimized with the Yoast SEO plugin v16.6.1 - https:\/\/yoast.com\/wordpress\/plugins\/seo\/ -->\n<title>FP B\u00e1sica - Formaci\u00f3n Profesional del IES Alfonso X el Sabio<\/title>\n<meta name=\"robots\" content=\"index, follow, max-snippet:-1, max-image-preview:large, max-video-preview:-1\" \/>\n<link rel=\"canonical\" href=\"https:\/\/www.iax.es\/fp\/fp-basica\/\" \/>\n<meta property=\"og:locale\" content=\"es_ES\" \/>\n<meta property=\"og:type\" content=\"article\" \/>\n<meta property=\"og:title\" content=\"FP B\u00e1sica - Formaci\u00f3n Profesional del IES Alfonso X el Sabio\" \/>\n<meta property=\"og:description\" content=\"CF GB Inform\u00e1tica de oficina El CF de Grado B\u00e1sico en Inform\u00e1tica de Oficina te ofrece una formaci\u00f3n esencial en herramientas tecnol\u00f3gicas y habilidades pr\u00e1cticas en inform\u00e1tica y redes. Aprender\u00e1s a manejar procesadores de texto, hojas de c\u00e1lculo y presentaciones, adem\u00e1s de montar y configurar equipos y redes locales. Este ciclo te prepara tanto para [&hellip;]\" \/>\n<meta property=\"og:url\" content=\"https:\/\/www.iax.es\/fp\/fp-basica\/\" \/>\n<meta property=\"og:site_name\" content=\"Formaci\u00f3n Profesional del IES Alfonso X el Sabio\" \/>\n<meta property=\"article:modified_time\" content=\"2025-06-18T11:13:37+00:00\" \/>\n<meta name=\"twitter:card\" content=\"summary_large_image\" \/>\n<meta name=\"twitter:label1\" content=\"Tiempo de lectura\" \/>\n\t<meta name=\"twitter:data1\" content=\"2 minutos\" \/>\n<script type=\"application\/ld+json\" class=\"yoast-schema-graph\">{\"@context\":\"https:\/\/schema.org\",\"@graph\":[{\"@type\":\"WebSite\",\"@id\":\"https:\/\/www.iax.es\/fp\/#website\",\"url\":\"https:\/\/www.iax.es\/fp\/\",\"name\":\"Formaci\\u00f3n Profesional del IES Alfonso X el Sabio\",\"description\":\"Otro sitio m\\u00e1s de iax_wpmu\",\"potentialAction\":[{\"@type\":\"SearchAction\",\"target\":{\"@type\":\"EntryPoint\",\"urlTemplate\":\"https:\/\/www.iax.es\/fp\/?s={search_term_string}\"},\"query-input\":\"required name=search_term_string\"}],\"inLanguage\":\"es\"},{\"@type\":\"WebPage\",\"@id\":\"https:\/\/www.iax.es\/fp\/fp-basica\/#webpage\",\"url\":\"https:\/\/www.iax.es\/fp\/fp-basica\/\",\"name\":\"FP B\\u00e1sica - Formaci\\u00f3n Profesional del IES Alfonso X el Sabio\",\"isPartOf\":{\"@id\":\"https:\/\/www.iax.es\/fp\/#website\"},\"datePublished\":\"2025-02-27T09:51:49+00:00\",\"dateModified\":\"2025-06-18T11:13:37+00:00\",\"breadcrumb\":{\"@id\":\"https:\/\/www.iax.es\/fp\/fp-basica\/#breadcrumb\"},\"inLanguage\":\"es\",\"potentialAction\":[{\"@type\":\"ReadAction\",\"target\":[\"https:\/\/www.iax.es\/fp\/fp-basica\/\"]}]},{\"@type\":\"BreadcrumbList\",\"@id\":\"https:\/\/www.iax.es\/fp\/fp-basica\/#breadcrumb\",\"itemListElement\":[{\"@type\":\"ListItem\",\"position\":1,\"name\":\"Portada\",\"item\":\"https:\/\/www.iax.es\/fp\/\"},{\"@type\":\"ListItem\",\"position\":2,\"name\":\"FP B\\u00e1sica\"}]}]}<\/script>\n<!-- \/ Yoast SEO plugin. -->","_links":{"self":[{"href":"https:\/\/www.iax.es\/fp\/wp-json\/wp\/v2\/pages\/37"}],"collection":[{"href":"https:\/\/www.iax.es\/fp\/wp-json\/wp\/v2\/pages"}],"about":[{"href":"https:\/\/www.iax.es\/fp\/wp-json\/wp\/v2\/types\/page"}],"author":[{"embeddable":true,"href":"https:\/\/www.iax.es\/fp\/wp-json\/wp\/v2\/users\/12"}],"replies":[{"embeddable":true,"href":"https:\/\/www.iax.es\/fp\/wp-json\/wp\/v2\/comments?post=37"}],"version-history":[{"count":24,"href":"https:\/\/www.iax.es\/fp\/wp-json\/wp\/v2\/pages\/37\/revisions"}],"predecessor-version":[{"id":274,"href":"https:\/\/www.iax.es\/fp\/wp-json\/wp\/v2\/pages\/37\/revisions\/274"}],"wp:attachment":[{"href":"https:\/\/www.iax.es\/fp\/wp-json\/wp\/v2\/media?parent=37"}],"curies":[{"name":"wp","href":"https:\/\/api.w.org\/{rel}","templated":true}]}}