{"id":39,"date":"2025-02-27T17:48:16","date_gmt":"2025-02-27T17:48:16","guid":{"rendered":"https:\/\/www.iax.es\/fp\/?page_id=39"},"modified":"2025-02-27T17:48:16","modified_gmt":"2025-02-27T17:48:16","slug":"faq","status":"publish","type":"page","link":"https:\/\/www.iax.es\/fp\/faq\/","title":{"rendered":"FAQ"},"content":{"rendered":"\n<p><strong>\u00bfCu\u00e1ntas convocatorias tengo para superar un m\u00f3dulo?<\/strong><\/p>\n\n\n\n<p>Cada curso tiene dos convocatorias para cada m\u00f3dulo y se dispone de un total de 4 convocatorias para aprobar un m\u00f3dulo. Si se agotan, se puede pedir la convocatoria extraordinaria. Para evitar esto, se puede renunciar a convocatorias.<\/p>\n\n\n\n<p><strong>\u00bfCu\u00e1ntas veces puedo matricularme de un m\u00f3dulo?<\/strong><\/p>\n\n\n\n<p>Cada alumno dispone de solo 3 matr\u00edculas por cada m\u00f3dulo. Se puede pedir la renuncia de matr\u00edcula.<\/p>\n\n\n\n<p><strong>\u00bfQu\u00e9 se necesita para solicitar la exenci\u00f3n de la FCT?&nbsp;<\/strong><\/p>\n\n\n\n<p>Se necesita 1 a\u00f1o a tiempo completo realizando tareas propias del Ciclo Formativo. Se debe presentar una solicitud hasta un mes antes del inicio de la FCT. El equipo docente emitir\u00e1 un informe y habr\u00e1 una resoluci\u00f3n del director del Centro.<\/p>\n\n\n\n<p><strong>\u00bfC\u00f3mo puedo convalidar el m\u00f3dulo Ingl\u00e9s profesional?<\/strong><\/p>\n\n\n\n<p>Con el cambio de Ley Educativa para la Formaci\u00f3n Profesional, los m\u00f3dulos de Ingl\u00e9s T\u00e9cnico del sistema anterior de ordenaci\u00f3n no son v\u00e1lidos para convalidar.&nbsp;<\/p>\n\n\n\n<p>Solo los certificados emitidos por la Escuela Oficial de Idiomas son v\u00e1lidos para las convalidaciones.<\/p>\n\n\n\n<ul><li>El m\u00f3dulo profesional 0156 (Ingl\u00e9s Profesional) se convalida con un certificado de nivel B1 o superior del Marco Com\u00fan Europeo de Referencia para las Lenguas.<\/li><li>El m\u00f3dulo profesional 0179 (Ingl\u00e9s Profesional) se convalida con un certificado de nivel B2 o superior.<\/li><\/ul>\n\n\n\n<p>Los certificados de Cambridge o equivalentes no son v\u00e1lidos para la convalidaci\u00f3n de estos m\u00f3dulos.<\/p>\n\n\n\n<p><strong>\u00bfC\u00f3mo puedo convalidar los m\u00f3dulos Itinerario Personal para la Empleabilidad I y II?<\/strong><\/p>\n\n\n\n<p>Los m\u00f3dulos de Itinerario Personal para la Empleabilidad I y II se pueden convalidar entre distintas ofertas formativas.<\/p>\n\n\n\n<p>El m\u00f3dulo de Itinerario personal para la empleabilidad I se puede convalidar aportando el m\u00f3dulo de Formaci\u00f3n y Orientaci\u00f3n Laboral derivado de la Ley Org\u00e1nica 2\/2006, de 3 de mayo, o aportando el m\u00f3dulo Formaci\u00f3n y Orientaci\u00f3n Laboral derivado de la Ley 1\/1990, de 3 de octubre, de Ordenaci\u00f3n General del Sistema Educativo, m\u00e1s la certificaci\u00f3n de prevenci\u00f3n de riesgos laborales de nivel b\u00e1sico. (Seg\u00fan RD 39\/1997, Reglamento de Servicios de Prevenci\u00f3n)<\/p>\n\n\n\n<p>El m\u00f3dulo Itinerario personal para la empleabilidad II aportando el m\u00f3dulo de Empresa e Iniciativa Emprendedora, derivado de la Ley Org\u00e1nica 2\/2006, de 3 de mayo. Tambi\u00e9n se puede convalidar aportando cualquiera de las formaciones derivadas de la Ley Org\u00e1nica 1\/1990, de 3 de octubre, que permiten la convalidaci\u00f3n del m\u00f3dulo Empresa e Iniciativa Emprendedora (Ley Org\u00e1nica 2\/2006, de 3 de mayo) seg\u00fan el Anexo II del Real Decreto 1085\/2020, de 9 de diciembre<\/p>\n\n\n\n<p>Se pueden convalidar ambos m\u00f3dulos si se dispone del t\u00edtulo del Ciclo Formativo de Grado Superior de Prevenci\u00f3n de Riesgos Profesionales. (LOGSE).<\/p>\n\n\n\n<p><strong>\u00bfC\u00f3mo puedo pasar a 2\u00ba curso del ciclo formativo?<\/strong><\/p>\n\n\n\n<p>Aprobando todos los m\u00f3dulos o si tienes m\u00f3dulos pendientes, la suma de su carga horaria semanal no exceda de 8 horas.<\/p>\n\n\n\n<p><strong>\u00bfCu\u00e1ndo son las evaluaciones del primer curso de los ciclos formativos?<\/strong><\/p>\n\n\n\n<p>Los alumnos de primer curso tienen la primera evaluaci\u00f3n en diciembre, la segunda evaluaci\u00f3n en marzo y la 1\u00aa Convocatoria en los meses de mayo\/junio. La 2\u00aa Convocatoria se realiza en el mes de junio.<\/p>\n\n\n\n<p><strong>\u00bfCu\u00e1ndo son las evaluaciones del segundo curso de los ciclos formativos?<\/strong><\/p>\n\n\n\n<p>Los alumnos de segundo curso tienen la primera evaluaci\u00f3n en diciembre y la 1\u00aa Convocatoria en los meses de febrero\/marzo. La 2\u00aa Convocatoria se realiza en el mes de mayo.<\/p>\n\n\n\n<p><strong>\u00bfC\u00f3mo son las clases de la modalidad a Distancia (semipresencial)?<\/strong><\/p>\n\n\n\n<p>Las clases de la modalidad a distancia son online, a trav\u00e9s de la plataforma meet. Todas las semanas hay una hora de clase por m\u00f3dulo formativo, que ser\u00e1n grabadas y subidas a la plataforma de distancia (EaD), para que tengan acceso los alumnos en cualquier momento.<\/p>\n\n\n\n<p><strong>\u00bfC\u00f3mo se calculan las calificaciones en la modalidad de Distancia (semipresencial)?<\/strong><\/p>\n\n\n\n<p>Los alumnos de la modalidad de Distancia se eval\u00faan a trav\u00e9s de 4 categor\u00edas:<\/p>\n\n\n\n<ul><li>Foros calificables que valen un 5% de la nota<\/li><li>Cuestionarios que valen un 10% de la nota<\/li><li>Actividades que valen un 30% de la nota<\/li><li>Pruebas Objetivas que valen un 55% de la nota.<\/li><\/ul>\n\n\n\n<p>Para que se calcule la nota media, se ha de tener un 5 o m\u00e1s en las pruebas objetivas. Las tareas y Pruebas Objetivas aprobadas en cada una de las evaluaciones, se guardan durante todo el curso acad\u00e9mico.<\/p>\n","protected":false},"excerpt":{"rendered":"\u00bfCu\u00e1ntas convocatorias tengo para superar un m\u00f3dulo? Cada curso tiene dos convocatorias para cada m\u00f3dulo y se dispone de un total de 4 convocatorias para aprobar un m\u00f3dulo. Si se agotan, se puede pedir la convocatoria extraordinaria. Para evitar esto, se puede renunciar a convocatorias. \u00bfCu\u00e1ntas veces puedo matricularme de un m\u00f3dulo? Cada alumno dispone [&hellip;]","protected":false},"author":12,"featured_media":0,"parent":0,"menu_order":4,"comment_status":"closed","ping_status":"closed","template":"","meta":[],"yoast_head":"<!-- This site is optimized with the Yoast SEO plugin v16.6.1 - https:\/\/yoast.com\/wordpress\/plugins\/seo\/ -->\n<title>FAQ - Formaci\u00f3n Profesional del IES Alfonso X el Sabio<\/title>\n<meta name=\"robots\" content=\"index, follow, max-snippet:-1, max-image-preview:large, max-video-preview:-1\" \/>\n<link rel=\"canonical\" href=\"https:\/\/www.iax.es\/fp\/faq\/\" \/>\n<meta property=\"og:locale\" content=\"es_ES\" \/>\n<meta property=\"og:type\" content=\"article\" \/>\n<meta property=\"og:title\" content=\"FAQ - Formaci\u00f3n Profesional del IES Alfonso X el Sabio\" \/>\n<meta property=\"og:description\" content=\"\u00bfCu\u00e1ntas convocatorias tengo para superar un m\u00f3dulo? Cada curso tiene dos convocatorias para cada m\u00f3dulo y se dispone de un total de 4 convocatorias para aprobar un m\u00f3dulo. Si se agotan, se puede pedir la convocatoria extraordinaria. Para evitar esto, se puede renunciar a convocatorias. \u00bfCu\u00e1ntas veces puedo matricularme de un m\u00f3dulo? Cada alumno dispone [&hellip;]\" \/>\n<meta property=\"og:url\" content=\"https:\/\/www.iax.es\/fp\/faq\/\" \/>\n<meta property=\"og:site_name\" content=\"Formaci\u00f3n Profesional del IES Alfonso X el Sabio\" \/>\n<meta name=\"twitter:card\" content=\"summary_large_image\" \/>\n<meta name=\"twitter:label1\" content=\"Tiempo de lectura\" \/>\n\t<meta name=\"twitter:data1\" content=\"4 minutos\" \/>\n<script type=\"application\/ld+json\" class=\"yoast-schema-graph\">{\"@context\":\"https:\/\/schema.org\",\"@graph\":[{\"@type\":\"WebSite\",\"@id\":\"https:\/\/www.iax.es\/fp\/#website\",\"url\":\"https:\/\/www.iax.es\/fp\/\",\"name\":\"Formaci\\u00f3n Profesional del IES Alfonso X el Sabio\",\"description\":\"Otro sitio m\\u00e1s de iax_wpmu\",\"potentialAction\":[{\"@type\":\"SearchAction\",\"target\":{\"@type\":\"EntryPoint\",\"urlTemplate\":\"https:\/\/www.iax.es\/fp\/?s={search_term_string}\"},\"query-input\":\"required name=search_term_string\"}],\"inLanguage\":\"es\"},{\"@type\":\"WebPage\",\"@id\":\"https:\/\/www.iax.es\/fp\/faq\/#webpage\",\"url\":\"https:\/\/www.iax.es\/fp\/faq\/\",\"name\":\"FAQ - Formaci\\u00f3n Profesional del IES Alfonso X el Sabio\",\"isPartOf\":{\"@id\":\"https:\/\/www.iax.es\/fp\/#website\"},\"datePublished\":\"2025-02-27T17:48:16+00:00\",\"dateModified\":\"2025-02-27T17:48:16+00:00\",\"breadcrumb\":{\"@id\":\"https:\/\/www.iax.es\/fp\/faq\/#breadcrumb\"},\"inLanguage\":\"es\",\"potentialAction\":[{\"@type\":\"ReadAction\",\"target\":[\"https:\/\/www.iax.es\/fp\/faq\/\"]}]},{\"@type\":\"BreadcrumbList\",\"@id\":\"https:\/\/www.iax.es\/fp\/faq\/#breadcrumb\",\"itemListElement\":[{\"@type\":\"ListItem\",\"position\":1,\"name\":\"Portada\",\"item\":\"https:\/\/www.iax.es\/fp\/\"},{\"@type\":\"ListItem\",\"position\":2,\"name\":\"FAQ\"}]}]}<\/script>\n<!-- \/ Yoast SEO plugin. -->","_links":{"self":[{"href":"https:\/\/www.iax.es\/fp\/wp-json\/wp\/v2\/pages\/39"}],"collection":[{"href":"https:\/\/www.iax.es\/fp\/wp-json\/wp\/v2\/pages"}],"about":[{"href":"https:\/\/www.iax.es\/fp\/wp-json\/wp\/v2\/types\/page"}],"author":[{"embeddable":true,"href":"https:\/\/www.iax.es\/fp\/wp-json\/wp\/v2\/users\/12"}],"replies":[{"embeddable":true,"href":"https:\/\/www.iax.es\/fp\/wp-json\/wp\/v2\/comments?post=39"}],"version-history":[{"count":1,"href":"https:\/\/www.iax.es\/fp\/wp-json\/wp\/v2\/pages\/39\/revisions"}],"predecessor-version":[{"id":40,"href":"https:\/\/www.iax.es\/fp\/wp-json\/wp\/v2\/pages\/39\/revisions\/40"}],"wp:attachment":[{"href":"https:\/\/www.iax.es\/fp\/wp-json\/wp\/v2\/media?parent=39"}],"curies":[{"name":"wp","href":"https:\/\/api.w.org\/{rel}","templated":true}]}}