{"id":5,"date":"2025-02-27T08:41:17","date_gmt":"2025-02-27T08:41:17","guid":{"rendered":"https:\/\/www.iax.es\/fp\/?page_id=5"},"modified":"2025-06-18T11:18:44","modified_gmt":"2025-06-18T11:18:44","slug":"dam","status":"publish","type":"page","link":"https:\/\/www.iax.es\/fp\/dam\/","title":{"rendered":"DAM"},"content":{"rendered":"\n<p><strong>CFGS Desarrollo de Aplicaciones Multiplataforma (DAM)<\/strong><\/p>\n\n\n\n<p>El Ciclo Formativo de Grado Superior en Desarrollo de Aplicaciones Multiplataforma (DAM) del IES Alfonso X el Sabio de Murcia est\u00e1 dise\u00f1ado para formar profesionales en el desarrollo, implantaci\u00f3n y mantenimiento de aplicaciones para m\u00faltiples plataformas (dispositivos m\u00f3viles, sistemas de escritorio y entornos web).<\/p>\n\n\n\n<p>Este ciclo se ofrece en dos modalidades:<\/p>\n\n\n\n<ul><li><strong>Modalidad presencial<\/strong>, ideal para quienes prefieren un aprendizaje directo en el aula, con acceso constante al profesorado y al equipamiento del centro.<\/li><li><strong>Modalidad semipresencial o a distancia<\/strong>, especialmente pensada para quienes necesitan mayor flexibilidad en sus estudios, con sesiones online cada semana y con evaluaciones presenciales.<\/li><\/ul>\n\n\n\n<p>Ambas modalidades garantizan una formaci\u00f3n completa y de calidad, con un enfoque pr\u00e1ctico y adaptado a las demandas del sector tecnol\u00f3gico actual.<\/p>\n\n\n\n<p>En la<strong> modalidad presencial, <\/strong>el ciclo formativo se imparte en turno de ma\u00f1ana para los alumnos de primer curso, con horario de 8:15 a 14:15 horas y turno de tarde para los alumnos de segundo, con horario de 16:15 a 22:00 horas.<\/p>\n\n\n\n<p>Los alumnos de la <strong>modalidad semipresencial o a distancia<\/strong> realizan una formaci\u00f3n m\u00e1s aut\u00f3noma. Los contenidos se estudian a trav\u00e9s de la plataforma&nbsp; EAD (Educaci\u00f3n A Distancia) de la Consejer\u00eda de Educaci\u00f3n y Formaci\u00f3n Profesional.<\/p>\n\n\n\n<p><strong>Para acceder al ciclo, debes cumplir alguno de los siguientes requisitos:<\/strong><\/p>\n\n\n\n<ul><li>Tener alguno de los siguientes t\u00edtulos:<ul><li><strong>T\u00edtulo de Bachiller<\/strong>, o de un certificado acreditativo de haber superado todas las materias del Bachillerato.<\/li><li>T\u00edtulo de T\u00e9cnico\/a (Formaci\u00f3n Profesional de Grado Medio).<\/li><li>T\u00edtulo de T\u00e9cnico\/a Superior, T\u00e9cnico Especialista o equivalente a efectos acad\u00e9micos.<\/li><li>T\u00e9cnico o T\u00e9cnica de Artes Pl\u00e1sticas y Dise\u00f1o (art\u00edculo 53.1 de la Ley Org\u00e1nica 2\/2006, de 3 de mayo, de Educaci\u00f3n, modificada por la Ley Org\u00e1nica 3\/2020, de 29 de diciembre).<\/li><li>Titulaci\u00f3n Universitaria o equivalente<\/li><\/ul><\/li><\/ul>\n\n\n\n<p><strong>Plan de formaci\u00f3n<\/strong><\/p>\n\n\n\n<p><strong>Primer curso<\/strong><\/p>\n\n\n\n<figure class=\"wp-block-table aligncenter is-style-stripes\"><table><tbody><tr><td class=\"has-text-align-center\" data-align=\"center\"><strong>CLAVE<\/strong><\/td><td class=\"has-text-align-center\" data-align=\"center\"><strong>M\u00d3DULO PROFESIONAL<\/strong><\/td><td class=\"has-text-align-center\" data-align=\"center\"><strong>HORAS SEMANALES<\/strong><\/td><\/tr><tr><td class=\"has-text-align-center\" data-align=\"center\">0483<\/td><td class=\"has-text-align-center\" data-align=\"center\">Sistemas inform\u00e1ticos<\/td><td class=\"has-text-align-center\" data-align=\"center\">5<\/td><\/tr><tr><td class=\"has-text-align-center\" data-align=\"center\">0484<\/td><td class=\"has-text-align-center\" data-align=\"center\">Bases de Datos&nbsp;<\/td><td class=\"has-text-align-center\" data-align=\"center\">5<\/td><\/tr><tr><td class=\"has-text-align-center\" data-align=\"center\">0485<\/td><td class=\"has-text-align-center\" data-align=\"center\">Programaci\u00f3n&nbsp;<\/td><td class=\"has-text-align-center\" data-align=\"center\">7<\/td><\/tr><tr><td class=\"has-text-align-center\" data-align=\"center\">0487<\/td><td class=\"has-text-align-center\" data-align=\"center\">Entornos de desarrollo<\/td><td class=\"has-text-align-center\" data-align=\"center\">3<\/td><\/tr><tr><td class=\"has-text-align-center\" data-align=\"center\">1709<\/td><td class=\"has-text-align-center\" data-align=\"center\">Itinerario personal para la Empleabilidad I<\/td><td class=\"has-text-align-center\" data-align=\"center\">3<\/td><\/tr><tr><td class=\"has-text-align-center\" data-align=\"center\">0373<\/td><td class=\"has-text-align-center\" data-align=\"center\">Lenguajes de marcas y sistemas de gesti\u00f3n de informaci\u00f3n<\/td><td class=\"has-text-align-center\" data-align=\"center\">4<\/td><\/tr><tr><td class=\"has-text-align-center\" data-align=\"center\">0179<\/td><td class=\"has-text-align-center\" data-align=\"center\">Ingl\u00e9s profesional (GS)<\/td><td class=\"has-text-align-center\" data-align=\"center\">2<\/td><\/tr><tr><td class=\"has-text-align-center\" data-align=\"center\">1665<\/td><td class=\"has-text-align-center\" data-align=\"center\">Digitalizaci\u00f3n aplicada a los sectores productivos (GS)<\/td><td class=\"has-text-align-center\" data-align=\"center\">1<\/td><\/tr><\/tbody><\/table><\/figure>\n\n\n\n<div class=\"wp-block-group\"><div class=\"wp-block-group__inner-container\">\n<div class=\"wp-block-columns\">\n<div class=\"wp-block-column\" style=\"flex-basis:100%\">\n<div class=\"wp-block-columns\">\n<div class=\"wp-block-column\"><\/div>\n\n\n\n<div class=\"wp-block-column\"><\/div>\n<\/div>\n<\/div>\n<\/div>\n<\/div><\/div>\n\n\n\n<p><strong>Segundo Curso<\/strong><\/p>\n\n\n\n<figure class=\"wp-block-table aligncenter is-style-stripes\"><table class=\"has-subtle-light-gray-background-color has-background\"><tbody><tr><td class=\"has-text-align-center\" data-align=\"center\"><strong>CLAVE<\/strong><\/td><td><\/td><td class=\"has-text-align-center\" data-align=\"center\"><strong>M\u00d3DULO PROFESIONAL<\/strong><\/td><td class=\"has-text-align-center\" data-align=\"center\"><strong>HORAS SEMANALES<\/strong><\/td><\/tr><tr><td class=\"has-text-align-center\" data-align=\"center\">0486<\/td><td><\/td><td class=\"has-text-align-center\" data-align=\"center\">Acceso a datos<\/td><td class=\"has-text-align-center\" data-align=\"center\">5<\/td><\/tr><tr><td class=\"has-text-align-center\" data-align=\"center\">0488<\/td><td><\/td><td class=\"has-text-align-center\" data-align=\"center\">Desarrollo de interfaces<\/td><td class=\"has-text-align-center\" data-align=\"center\">6<\/td><\/tr><tr><td class=\"has-text-align-center\" data-align=\"center\">0489<\/td><td><\/td><td class=\"has-text-align-center\" data-align=\"center\">Programaci\u00f3n multimedia y dispositivos m\u00f3viles<\/td><td class=\"has-text-align-center\" data-align=\"center\">4<\/td><\/tr><tr><td class=\"has-text-align-center\" data-align=\"center\">0490<\/td><td><\/td><td class=\"has-text-align-center\" data-align=\"center\">Programaci\u00f3n de servicios y procesos<\/td><td class=\"has-text-align-center\" data-align=\"center\">4<\/td><\/tr><tr><td class=\"has-text-align-center\" data-align=\"center\">0491<\/td><td><\/td><td class=\"has-text-align-center\" data-align=\"center\">Sistemas de gesti\u00f3n empresarial<\/td><td class=\"has-text-align-center\" data-align=\"center\">5<\/td><\/tr><tr><td class=\"has-text-align-center\" data-align=\"center\">1708<\/td><td><\/td><td class=\"has-text-align-center\" data-align=\"center\">Sostenibilidad aplicada al sistema productivo<\/td><td class=\"has-text-align-center\" data-align=\"center\">1<\/td><\/tr><tr><td class=\"has-text-align-center\" data-align=\"center\">1710<\/td><td><\/td><td class=\"has-text-align-center\" data-align=\"center\">Itinerario personal para la Empleabilidad II<\/td><td class=\"has-text-align-center\" data-align=\"center\">2<\/td><\/tr><tr><td class=\"has-text-align-center\" data-align=\"center\"><\/td><td><\/td><td class=\"has-text-align-center\" data-align=\"center\">Materia Optativa<\/td><td class=\"has-text-align-center\" data-align=\"center\">2<\/td><\/tr><tr><td class=\"has-text-align-center\" data-align=\"center\">0492<\/td><td><\/td><td class=\"has-text-align-center\" data-align=\"center\">Proyecto intermodular de DAM<\/td><td class=\"has-text-align-center\" data-align=\"center\">1<\/td><\/tr><tr><td class=\"has-text-align-center\" data-align=\"center\">0495<\/td><td><\/td><td class=\"has-text-align-center\" data-align=\"center\">Formaci\u00f3n en empresa<\/td><td class=\"has-text-align-center\" data-align=\"center\">500 horas<\/td><\/tr><\/tbody><\/table><\/figure>\n\n\n\n<br>\n<br>\n<figure class=\"wp-block-embed aligncenter is-type-wp-embed is-provider-canva wp-block-embed-canva\" align=\"center\"><div class=\"wp-block-embed__wrapper\">\n<iframe class=\"wp-embedded-content\" sandbox=\"allow-scripts\" security=\"restricted\" title=\"IES Alfonso X el sabio\" src=\"https:\/\/www.canva.com\/design\/DAGqCKOpK0o\/XhiRy4jsp2HpTCxwTq85Xg\/view?embed&#038;meta#?secret=NBxvgjKRb5\" data-secret=\"NBxvgjKRb5\" height=\"383\" width=\"680\"><\/iframe>\n<\/div><\/figure>\n","protected":false},"excerpt":{"rendered":"CFGS Desarrollo de Aplicaciones Multiplataforma (DAM) El Ciclo Formativo de Grado Superior en Desarrollo de Aplicaciones Multiplataforma (DAM) del IES Alfonso X el Sabio de Murcia est\u00e1 dise\u00f1ado para formar profesionales en el desarrollo, implantaci\u00f3n y mantenimiento de aplicaciones para m\u00faltiples plataformas (dispositivos m\u00f3viles, sistemas de escritorio y entornos web). Este ciclo se ofrece en [&hellip;]","protected":false},"author":12,"featured_media":0,"parent":0,"menu_order":1,"comment_status":"closed","ping_status":"closed","template":"","meta":[],"yoast_head":"<!-- This site is optimized with the Yoast SEO plugin v16.6.1 - https:\/\/yoast.com\/wordpress\/plugins\/seo\/ -->\n<title>DAM - Formaci\u00f3n Profesional del IES Alfonso X el Sabio<\/title>\n<meta name=\"robots\" content=\"index, follow, max-snippet:-1, max-image-preview:large, max-video-preview:-1\" \/>\n<link rel=\"canonical\" href=\"https:\/\/www.iax.es\/fp\/dam\/\" \/>\n<meta property=\"og:locale\" content=\"es_ES\" \/>\n<meta property=\"og:type\" content=\"article\" \/>\n<meta property=\"og:title\" content=\"DAM - Formaci\u00f3n Profesional del IES Alfonso X el Sabio\" \/>\n<meta property=\"og:description\" content=\"CFGS Desarrollo de Aplicaciones Multiplataforma (DAM) El Ciclo Formativo de Grado Superior en Desarrollo de Aplicaciones Multiplataforma (DAM) del IES Alfonso X el Sabio de Murcia est\u00e1 dise\u00f1ado para formar profesionales en el desarrollo, implantaci\u00f3n y mantenimiento de aplicaciones para m\u00faltiples plataformas (dispositivos m\u00f3viles, sistemas de escritorio y entornos web). Este ciclo se ofrece en [&hellip;]\" \/>\n<meta property=\"og:url\" content=\"https:\/\/www.iax.es\/fp\/dam\/\" \/>\n<meta property=\"og:site_name\" content=\"Formaci\u00f3n Profesional del IES Alfonso X el Sabio\" \/>\n<meta property=\"article:modified_time\" content=\"2025-06-18T11:18:44+00:00\" \/>\n<meta name=\"twitter:card\" content=\"summary_large_image\" \/>\n<meta name=\"twitter:label1\" content=\"Tiempo de lectura\" \/>\n\t<meta name=\"twitter:data1\" content=\"2 minutos\" \/>\n<script type=\"application\/ld+json\" class=\"yoast-schema-graph\">{\"@context\":\"https:\/\/schema.org\",\"@graph\":[{\"@type\":\"WebSite\",\"@id\":\"https:\/\/www.iax.es\/fp\/#website\",\"url\":\"https:\/\/www.iax.es\/fp\/\",\"name\":\"Formaci\\u00f3n Profesional del IES Alfonso X el Sabio\",\"description\":\"Otro sitio m\\u00e1s de iax_wpmu\",\"potentialAction\":[{\"@type\":\"SearchAction\",\"target\":{\"@type\":\"EntryPoint\",\"urlTemplate\":\"https:\/\/www.iax.es\/fp\/?s={search_term_string}\"},\"query-input\":\"required name=search_term_string\"}],\"inLanguage\":\"es\"},{\"@type\":\"WebPage\",\"@id\":\"https:\/\/www.iax.es\/fp\/dam\/#webpage\",\"url\":\"https:\/\/www.iax.es\/fp\/dam\/\",\"name\":\"DAM - Formaci\\u00f3n Profesional del IES Alfonso X el Sabio\",\"isPartOf\":{\"@id\":\"https:\/\/www.iax.es\/fp\/#website\"},\"datePublished\":\"2025-02-27T08:41:17+00:00\",\"dateModified\":\"2025-06-18T11:18:44+00:00\",\"breadcrumb\":{\"@id\":\"https:\/\/www.iax.es\/fp\/dam\/#breadcrumb\"},\"inLanguage\":\"es\",\"potentialAction\":[{\"@type\":\"ReadAction\",\"target\":[\"https:\/\/www.iax.es\/fp\/dam\/\"]}]},{\"@type\":\"BreadcrumbList\",\"@id\":\"https:\/\/www.iax.es\/fp\/dam\/#breadcrumb\",\"itemListElement\":[{\"@type\":\"ListItem\",\"position\":1,\"name\":\"Portada\",\"item\":\"https:\/\/www.iax.es\/fp\/\"},{\"@type\":\"ListItem\",\"position\":2,\"name\":\"DAM\"}]}]}<\/script>\n<!-- \/ Yoast SEO plugin. -->","_links":{"self":[{"href":"https:\/\/www.iax.es\/fp\/wp-json\/wp\/v2\/pages\/5"}],"collection":[{"href":"https:\/\/www.iax.es\/fp\/wp-json\/wp\/v2\/pages"}],"about":[{"href":"https:\/\/www.iax.es\/fp\/wp-json\/wp\/v2\/types\/page"}],"author":[{"embeddable":true,"href":"https:\/\/www.iax.es\/fp\/wp-json\/wp\/v2\/users\/12"}],"replies":[{"embeddable":true,"href":"https:\/\/www.iax.es\/fp\/wp-json\/wp\/v2\/comments?post=5"}],"version-history":[{"count":26,"href":"https:\/\/www.iax.es\/fp\/wp-json\/wp\/v2\/pages\/5\/revisions"}],"predecessor-version":[{"id":284,"href":"https:\/\/www.iax.es\/fp\/wp-json\/wp\/v2\/pages\/5\/revisions\/284"}],"wp:attachment":[{"href":"https:\/\/www.iax.es\/fp\/wp-json\/wp\/v2\/media?parent=5"}],"curies":[{"name":"wp","href":"https:\/\/api.w.org\/{rel}","templated":true}]}}