{"id":65,"date":"2025-02-28T10:20:17","date_gmt":"2025-02-28T10:20:17","guid":{"rendered":"https:\/\/www.iax.es\/fp\/?page_id=65"},"modified":"2025-02-28T10:30:56","modified_gmt":"2025-02-28T10:30:56","slug":"secretaria","status":"publish","type":"page","link":"https:\/\/www.iax.es\/fp\/secretaria\/","title":{"rendered":"Secretar\u00eda"},"content":{"rendered":"\n<p>Todos los tr\u00e1mites que se realicen se deben enviar al correo electr\u00f3nico de la secretar\u00eda del centro <a href=\"mailto:secretaria@iax.es\">secretaria@iax.es<\/a> y poner en copia el correo de la formaci\u00f3n profesional del centro <a href=\"mailto:fp.alfonso.x@gmail.com\">fp.alfonso.x@gmail.com<\/a>.\u00a0<\/p>\n","protected":false},"excerpt":{"rendered":"Todos los tr\u00e1mites que se realicen se deben enviar al correo electr\u00f3nico de la secretar\u00eda del centro secretaria@iax.es y poner en copia el correo de la formaci\u00f3n profesional del centro fp.alfonso.x@gmail.com.\u00a0","protected":false},"author":12,"featured_media":0,"parent":0,"menu_order":5,"comment_status":"closed","ping_status":"closed","template":"","meta":[],"yoast_head":"<!-- This site is optimized with the Yoast SEO plugin v16.6.1 - https:\/\/yoast.com\/wordpress\/plugins\/seo\/ -->\n<title>Secretar\u00eda - Formaci\u00f3n Profesional del IES Alfonso X el Sabio<\/title>\n<meta name=\"robots\" content=\"index, follow, max-snippet:-1, max-image-preview:large, max-video-preview:-1\" \/>\n<link rel=\"canonical\" href=\"https:\/\/www.iax.es\/fp\/secretaria\/\" \/>\n<meta property=\"og:locale\" content=\"es_ES\" \/>\n<meta property=\"og:type\" content=\"article\" \/>\n<meta property=\"og:title\" content=\"Secretar\u00eda - Formaci\u00f3n Profesional del IES Alfonso X el Sabio\" \/>\n<meta property=\"og:description\" content=\"Todos los tr\u00e1mites que se realicen se deben enviar al correo electr\u00f3nico de la secretar\u00eda del centro secretaria@iax.es y poner en copia el correo de la formaci\u00f3n profesional del centro fp.alfonso.x@gmail.com.\u00a0\" \/>\n<meta property=\"og:url\" content=\"https:\/\/www.iax.es\/fp\/secretaria\/\" \/>\n<meta property=\"og:site_name\" content=\"Formaci\u00f3n Profesional del IES Alfonso X el Sabio\" \/>\n<meta property=\"article:modified_time\" content=\"2025-02-28T10:30:56+00:00\" \/>\n<meta name=\"twitter:card\" content=\"summary_large_image\" \/>\n<meta name=\"twitter:label1\" content=\"Tiempo de lectura\" \/>\n\t<meta name=\"twitter:data1\" content=\"1 minuto\" \/>\n<script type=\"application\/ld+json\" class=\"yoast-schema-graph\">{\"@context\":\"https:\/\/schema.org\",\"@graph\":[{\"@type\":\"WebSite\",\"@id\":\"https:\/\/www.iax.es\/fp\/#website\",\"url\":\"https:\/\/www.iax.es\/fp\/\",\"name\":\"Formaci\\u00f3n Profesional del IES Alfonso X el Sabio\",\"description\":\"Otro sitio m\\u00e1s de iax_wpmu\",\"potentialAction\":[{\"@type\":\"SearchAction\",\"target\":{\"@type\":\"EntryPoint\",\"urlTemplate\":\"https:\/\/www.iax.es\/fp\/?s={search_term_string}\"},\"query-input\":\"required name=search_term_string\"}],\"inLanguage\":\"es\"},{\"@type\":\"WebPage\",\"@id\":\"https:\/\/www.iax.es\/fp\/secretaria\/#webpage\",\"url\":\"https:\/\/www.iax.es\/fp\/secretaria\/\",\"name\":\"Secretar\\u00eda - Formaci\\u00f3n Profesional del IES Alfonso X el Sabio\",\"isPartOf\":{\"@id\":\"https:\/\/www.iax.es\/fp\/#website\"},\"datePublished\":\"2025-02-28T10:20:17+00:00\",\"dateModified\":\"2025-02-28T10:30:56+00:00\",\"breadcrumb\":{\"@id\":\"https:\/\/www.iax.es\/fp\/secretaria\/#breadcrumb\"},\"inLanguage\":\"es\",\"potentialAction\":[{\"@type\":\"ReadAction\",\"target\":[\"https:\/\/www.iax.es\/fp\/secretaria\/\"]}]},{\"@type\":\"BreadcrumbList\",\"@id\":\"https:\/\/www.iax.es\/fp\/secretaria\/#breadcrumb\",\"itemListElement\":[{\"@type\":\"ListItem\",\"position\":1,\"name\":\"Portada\",\"item\":\"https:\/\/www.iax.es\/fp\/\"},{\"@type\":\"ListItem\",\"position\":2,\"name\":\"Secretar\\u00eda\"}]}]}<\/script>\n<!-- \/ Yoast SEO plugin. -->","_links":{"self":[{"href":"https:\/\/www.iax.es\/fp\/wp-json\/wp\/v2\/pages\/65"}],"collection":[{"href":"https:\/\/www.iax.es\/fp\/wp-json\/wp\/v2\/pages"}],"about":[{"href":"https:\/\/www.iax.es\/fp\/wp-json\/wp\/v2\/types\/page"}],"author":[{"embeddable":true,"href":"https:\/\/www.iax.es\/fp\/wp-json\/wp\/v2\/users\/12"}],"replies":[{"embeddable":true,"href":"https:\/\/www.iax.es\/fp\/wp-json\/wp\/v2\/comments?post=65"}],"version-history":[{"count":3,"href":"https:\/\/www.iax.es\/fp\/wp-json\/wp\/v2\/pages\/65\/revisions"}],"predecessor-version":[{"id":78,"href":"https:\/\/www.iax.es\/fp\/wp-json\/wp\/v2\/pages\/65\/revisions\/78"}],"wp:attachment":[{"href":"https:\/\/www.iax.es\/fp\/wp-json\/wp\/v2\/media?parent=65"}],"curies":[{"name":"wp","href":"https:\/\/api.w.org\/{rel}","templated":true}]}}