{"id":67,"date":"2025-02-28T10:21:47","date_gmt":"2025-02-28T10:21:47","guid":{"rendered":"https:\/\/www.iax.es\/fp\/?page_id=67"},"modified":"2025-06-23T08:44:36","modified_gmt":"2025-06-23T08:44:36","slug":"matricula","status":"publish","type":"page","link":"https:\/\/www.iax.es\/fp\/matricula\/","title":{"rendered":"Matr\u00edcula"},"content":{"rendered":"\n<p>El periodo actual de matr\u00edcula es para los alumnos que ya est\u00e1n cursando la Formaci\u00f3n Profesional con nosotros. Los futuros alumnos, deben esperar a las listas que se ir\u00e1n publicando seg\u00fan los calendarios de la Consejer\u00eda de Educaci\u00f3n y Formaci\u00f3n Profesional. <\/p>\n\n\n\n<p>Todas las matr\u00edculas pueden ser rellenadas, firmadas electr\u00f3nicamente y enviadas al correo <strong>matricula@iax.es<\/strong> o bien entregadas en la secretaria del instituto. Es importante que siempre vayan acompa\u00f1adas por el recibo del pago del seguro escolar.<\/p>\n\n\n\n<h2>Matr\u00edcula FP GB Inform\u00e1tica de Oficina<\/h2>\n\n\n\n<p>Desde el 3 de junio hasta el 6 de junio se abre el periodo de matriculaci\u00f3n del Ciclo Formativo de Grado B\u00e1sico de Inform\u00e1tica de Oficina para los alumnos seleccionados. El m\u00e9todo de entrega de la matr\u00edcula, es el indicado al principio de la web.<\/p>\n\n\n\n<p>Los alumnos del centro tienen de plazo hasta el 24 de junio para entregar la matr\u00edcula, bien en la secretar\u00eda del centro o a trav\u00e9s del correo electr\u00f3nico.<\/p>\n\n\n\n<p><a href=\"https:\/\/www.iax.es\/fp\/wp-content\/uploads\/sites\/15\/2025\/06\/IAX_MatriculaFPB_2526_editable.pdf\">Matr\u00edcula FP B\u00e1sica editable<\/a><\/p>\n\n\n\n<p><a href=\"https:\/\/www.iax.es\/fp\/wp-content\/uploads\/sites\/15\/2025\/06\/IAX_MatriculaFPB_2526_imprimible.pdf\">Matr\u00edcula FP B\u00e1sica imprimible<\/a><\/p>\n\n\n\n<h2>Matr\u00edcula FP GM Sistemas Microinform\u00e1ticos y Redes<\/h2>\n\n\n\n<p>Los alumnos que han cursado sus estudios en el centro a lo largo del curso 2024\/25, tienen hasta el 27 de junio para entregar la matr\u00edcula, siguiendo lo especificado en el inicio de la p\u00e1gina. <\/p>\n\n\n\n<p>Los alumnos seleccionados en el periodo de admisi\u00f3n lo har\u00e1n a partir del 15 de julio, como indica el calendario de admisiones para el curso 2025\/26.<\/p>\n\n\n\n<p><a href=\"https:\/\/www.iax.es\/fp\/wp-content\/uploads\/sites\/15\/2025\/06\/IAX_MatriculaSMR_2526_editable.pdf\">Matr\u00edcula FP GM SMR editable<\/a><\/p>\n\n\n\n<p><a href=\"https:\/\/www.iax.es\/fp\/wp-content\/uploads\/sites\/15\/2025\/06\/IAX_MatriculaSMR_2526_imprimible.pdf\">Matr\u00edcula FP GM SMR imprimible<\/a><\/p>\n\n\n\n<h2>Matr\u00edcula FP GS Desarrollo de Aplicaciones Multiplataforma<\/h2>\n\n\n\n<p>Los alumnos que han cursado sus estudios en el centro a lo largo del curso 2024\/25, tienen hasta el 27 de junio para entregar la matr\u00edcula, siguiendo lo especificado en el inicio de la p\u00e1gina.<\/p>\n\n\n\n<p>Los alumnos seleccionados en el periodo de admisi\u00f3n lo har\u00e1n a partir del 15 de julio, como indica el calendario de admisiones para el curso 2025\/26.<\/p>\n\n\n\n<p><a href=\"https:\/\/www.iax.es\/fp\/wp-content\/uploads\/sites\/15\/2025\/06\/IAX_MatriculaDAM_2526_editable.pdf\">Matr\u00edcula FP GS DAM editable<\/a><\/p>\n\n\n\n<p><a href=\"https:\/\/www.iax.es\/fp\/wp-content\/uploads\/sites\/15\/2025\/06\/IAX_MatriculaDAM_2526_imprimible.pdf\">Matr\u00edcula FP GS DAM imprimible<\/a><\/p>\n","protected":false},"excerpt":{"rendered":"El periodo actual de matr\u00edcula es para los alumnos que ya est\u00e1n cursando la Formaci\u00f3n Profesional con nosotros. Los futuros alumnos, deben esperar a las listas que se ir\u00e1n publicando seg\u00fan los calendarios de la Consejer\u00eda de Educaci\u00f3n y Formaci\u00f3n Profesional. Todas las matr\u00edculas pueden ser rellenadas, firmadas electr\u00f3nicamente y enviadas al correo matricula@iax.es o [&hellip;]","protected":false},"author":12,"featured_media":0,"parent":0,"menu_order":6,"comment_status":"closed","ping_status":"closed","template":"","meta":[],"yoast_head":"<!-- This site is optimized with the Yoast SEO plugin v16.6.1 - https:\/\/yoast.com\/wordpress\/plugins\/seo\/ -->\n<title>Matr\u00edcula - Formaci\u00f3n Profesional del IES Alfonso X el Sabio<\/title>\n<meta name=\"description\" content=\"matr\u00edcula para los Ciclos Formativos del IES Alfonso X el Sabio de Murcia\" \/>\n<meta name=\"robots\" content=\"index, follow, max-snippet:-1, max-image-preview:large, max-video-preview:-1\" \/>\n<link rel=\"canonical\" href=\"https:\/\/www.iax.es\/fp\/matricula\/\" \/>\n<meta property=\"og:locale\" content=\"es_ES\" \/>\n<meta property=\"og:type\" content=\"article\" \/>\n<meta property=\"og:title\" content=\"Matr\u00edcula - Formaci\u00f3n Profesional del IES Alfonso X el Sabio\" \/>\n<meta property=\"og:description\" content=\"matr\u00edcula para los Ciclos Formativos del IES Alfonso X el Sabio de Murcia\" \/>\n<meta property=\"og:url\" content=\"https:\/\/www.iax.es\/fp\/matricula\/\" \/>\n<meta property=\"og:site_name\" content=\"Formaci\u00f3n Profesional del IES Alfonso X el Sabio\" \/>\n<meta property=\"article:modified_time\" content=\"2025-06-23T08:44:36+00:00\" \/>\n<meta name=\"twitter:card\" content=\"summary_large_image\" \/>\n<meta name=\"twitter:label1\" content=\"Tiempo de lectura\" \/>\n\t<meta name=\"twitter:data1\" content=\"2 minutos\" \/>\n<script type=\"application\/ld+json\" class=\"yoast-schema-graph\">{\"@context\":\"https:\/\/schema.org\",\"@graph\":[{\"@type\":\"WebSite\",\"@id\":\"https:\/\/www.iax.es\/fp\/#website\",\"url\":\"https:\/\/www.iax.es\/fp\/\",\"name\":\"Formaci\\u00f3n Profesional del IES Alfonso X el Sabio\",\"description\":\"Otro sitio m\\u00e1s de iax_wpmu\",\"potentialAction\":[{\"@type\":\"SearchAction\",\"target\":{\"@type\":\"EntryPoint\",\"urlTemplate\":\"https:\/\/www.iax.es\/fp\/?s={search_term_string}\"},\"query-input\":\"required name=search_term_string\"}],\"inLanguage\":\"es\"},{\"@type\":\"WebPage\",\"@id\":\"https:\/\/www.iax.es\/fp\/matricula\/#webpage\",\"url\":\"https:\/\/www.iax.es\/fp\/matricula\/\",\"name\":\"Matr\\u00edcula - Formaci\\u00f3n Profesional del IES Alfonso X el Sabio\",\"isPartOf\":{\"@id\":\"https:\/\/www.iax.es\/fp\/#website\"},\"datePublished\":\"2025-02-28T10:21:47+00:00\",\"dateModified\":\"2025-06-23T08:44:36+00:00\",\"description\":\"matr\\u00edcula para los Ciclos Formativos del IES Alfonso X el Sabio de Murcia\",\"breadcrumb\":{\"@id\":\"https:\/\/www.iax.es\/fp\/matricula\/#breadcrumb\"},\"inLanguage\":\"es\",\"potentialAction\":[{\"@type\":\"ReadAction\",\"target\":[\"https:\/\/www.iax.es\/fp\/matricula\/\"]}]},{\"@type\":\"BreadcrumbList\",\"@id\":\"https:\/\/www.iax.es\/fp\/matricula\/#breadcrumb\",\"itemListElement\":[{\"@type\":\"ListItem\",\"position\":1,\"name\":\"Portada\",\"item\":\"https:\/\/www.iax.es\/fp\/\"},{\"@type\":\"ListItem\",\"position\":2,\"name\":\"Matr\\u00edcula\"}]}]}<\/script>\n<!-- \/ Yoast SEO plugin. -->","_links":{"self":[{"href":"https:\/\/www.iax.es\/fp\/wp-json\/wp\/v2\/pages\/67"}],"collection":[{"href":"https:\/\/www.iax.es\/fp\/wp-json\/wp\/v2\/pages"}],"about":[{"href":"https:\/\/www.iax.es\/fp\/wp-json\/wp\/v2\/types\/page"}],"author":[{"embeddable":true,"href":"https:\/\/www.iax.es\/fp\/wp-json\/wp\/v2\/users\/12"}],"replies":[{"embeddable":true,"href":"https:\/\/www.iax.es\/fp\/wp-json\/wp\/v2\/comments?post=67"}],"version-history":[{"count":18,"href":"https:\/\/www.iax.es\/fp\/wp-json\/wp\/v2\/pages\/67\/revisions"}],"predecessor-version":[{"id":287,"href":"https:\/\/www.iax.es\/fp\/wp-json\/wp\/v2\/pages\/67\/revisions\/287"}],"wp:attachment":[{"href":"https:\/\/www.iax.es\/fp\/wp-json\/wp\/v2\/media?parent=67"}],"curies":[{"name":"wp","href":"https:\/\/api.w.org\/{rel}","templated":true}]}}