{"id":71,"date":"2025-02-28T10:23:46","date_gmt":"2025-02-28T10:23:46","guid":{"rendered":"https:\/\/www.iax.es\/fp\/?page_id=71"},"modified":"2025-06-06T10:42:38","modified_gmt":"2025-06-06T10:42:38","slug":"convalidaciones","status":"publish","type":"page","link":"https:\/\/www.iax.es\/fp\/convalidaciones\/","title":{"rendered":"Convalidaciones"},"content":{"rendered":"\n<p>Las convalidaciones se rigen por el Real Decreto 1085\/2020 de 9 de diciembre y por el Real Decreto 659\/2023, de 18 de julio, por el que se desarrolla la ordenaci\u00f3n del Sistema de Formaci\u00f3n Profesional. Ambos Reales Decretos se pueden consultar a continuaci\u00f3n:<\/p>\n\n\n\n<p><a href=\"https:\/\/www.iax.es\/fp\/wp-content\/uploads\/sites\/15\/2025\/06\/BOE-A-2020-17274.pdf\">Real Decreto 1085\/2020, de 9 de diciembre, por el que se establecen convalidaciones de m\u00f3dulos profesionales de los t\u00edtulos de Formaci\u00f3n Profesional del sistema educativo espa\u00f1ol y las medidas para su aplicaci\u00f3n, y se modifica el Real Decreto 1147\/2011, de 29 de julio, por el que se establece la ordenaci\u00f3n general de la formaci\u00f3n profesional del sistema educativo.<\/a><\/p>\n\n\n\n<p><a href=\"https:\/\/www.iax.es\/fp\/wp-content\/uploads\/sites\/15\/2025\/06\/BOE-A-2023-16889-consolidado_Ordenacion_FP.pdf\">Real Decreto 659\/2023, de 18 de julio, por el que se desarrolla la ordenaci\u00f3n del Sistema de Formaci\u00f3n Profesional.<\/a><\/p>\n\n\n\n<p>A) Las solicitudes de convalidaci\u00f3n de m\u00f3dulos profesionales desde estudios de FP, certificados de profesionalidad o estudios acreditativos de ingl\u00e9s\/franc\u00e9s, se entregar\u00e1n en el centro educativo donde se encuentre matriculado el alumno desde la formalizaci\u00f3n de matr\u00edcula hasta el 30 de septiembre.<\/p>\n\n\n\n<p>Se adjuntar\u00e1 con la solicitud la certificaci\u00f3n acad\u00e9mica oficial.<\/p>\n\n\n\n<p><a href=\"https:\/\/www.iax.es\/fp\/wp-content\/uploads\/sites\/15\/2025\/06\/Solicitud-CONVALIDACION_IAXFP.docx\">Descargar Solicitud<\/a><\/p>\n\n\n\n<p><strong>IMPORTANTE<\/strong><\/p>\n\n\n\n<p>Una vez recibidas las indicaciones definitivas por parte del Ministerio de Educaci\u00f3n y Formaci\u00f3n Profesional acerca de las consultas realizadas por las Comunidades Aut\u00f3nomas ante la duda com\u00fan relativa a la convalidaci\u00f3n del m\u00f3dulo de Ingl\u00e9s Profesional de Grado Medio (c\u00f3digo: 0156) y el m\u00f3dulo de Ingl\u00e9s Profesional de Grado Superior (c\u00f3digo: 0179).&nbsp;Se detallan las indicaciones recibidas:<\/p>\n\n\n\n<ol><li><strong>Convalidaci\u00f3n<\/strong>: Los m\u00f3dulos de Ingl\u00e9s T\u00e9cnico del sistema anterior de ordenaci\u00f3n no son v\u00e1lidos para convalidar<\/li><li><strong>Niveles de Certificaci\u00f3n<\/strong>: Es importante destacar que solo los certificados emitidos por la Escuela Oficial de Idiomas son v\u00e1lidos para las convalidaciones.<ul><li>El m\u00f3dulo profesional 0156 (Ingl\u00e9s Profesional) se convalida con un certificado de nivel B1 o superior del Marco Com\u00fan Europeo de Referencia para las Lenguas.<\/li><li>El m\u00f3dulo profesional 0179 (Ingl\u00e9s Profesional) se convalida con un certificado de nivel B2 o superior.<\/li><\/ul><\/li><li><strong>Certificados Cambridge y Similares<\/strong>: Los certificados de Cambridge o equivalentes no son v\u00e1lidos para la convalidaci\u00f3n de estos m\u00f3dulos.<\/li><\/ol>\n\n\n\n<p>B) Las solicitudes de convalidaci\u00f3n de m\u00f3dulos profesionales desde estudios universitarios, se entregar\u00e1n en el centro educativo donde se encuentre matriculado el alumno desde la formalizaci\u00f3n de matr\u00edcula hasta el \u00faltimo d\u00eda del curso escolar, que son resueltos por el Ministerio de Educaci\u00f3n y Formaci\u00f3n Profesional en Madrid.<\/p>\n\n\n\n<p>Se adjuntar\u00e1 a la solicitud:<\/p>\n\n\n\n<ul><li>Certificaci\u00f3n acad\u00e9mica oficial en la que conste la calificaci\u00f3n obtenida en las asignaturas, materias o los m\u00f3dulos profesionales cursados.&nbsp;<\/li><\/ul>\n\n\n\n<ul><li>Original o copia simple de los programas oficiales o planes de estudios del curso acad\u00e9mico en el que se superaron cada una de las asignaturas aportadas, debidamente sellados por el centro universitario correspondiente<\/li><\/ul>\n\n\n\n<ul><li>En cada programa debe constar el mismo curso acad\u00e9mico que figura en el certificado como superado. Si no fuera as\u00ed, se debe adjuntar un escrito de la universidad confirmando que los programas son los que se impartieron el curso que se superaron. No se considerar\u00e1n los programas de asignaturas convalidadas, reconocidas, adaptadas o superadas por compensaci\u00f3n.<\/li><\/ul>\n","protected":false},"excerpt":{"rendered":"Las convalidaciones se rigen por el Real Decreto 1085\/2020 de 9 de diciembre y por el Real Decreto 659\/2023, de 18 de julio, por el que se desarrolla la ordenaci\u00f3n del Sistema de Formaci\u00f3n Profesional. Ambos Reales Decretos se pueden consultar a continuaci\u00f3n: Real Decreto 1085\/2020, de 9 de diciembre, por el que se establecen [&hellip;]","protected":false},"author":12,"featured_media":0,"parent":0,"menu_order":7,"comment_status":"closed","ping_status":"closed","template":"","meta":[],"yoast_head":"<!-- This site is optimized with the Yoast SEO plugin v16.6.1 - https:\/\/yoast.com\/wordpress\/plugins\/seo\/ -->\n<title>Convalidaciones - Formaci\u00f3n Profesional del IES Alfonso X el Sabio<\/title>\n<meta name=\"robots\" content=\"index, follow, max-snippet:-1, max-image-preview:large, max-video-preview:-1\" \/>\n<link rel=\"canonical\" href=\"https:\/\/www.iax.es\/fp\/convalidaciones\/\" \/>\n<meta property=\"og:locale\" content=\"es_ES\" \/>\n<meta property=\"og:type\" content=\"article\" \/>\n<meta property=\"og:title\" content=\"Convalidaciones - Formaci\u00f3n Profesional del IES Alfonso X el Sabio\" \/>\n<meta property=\"og:description\" content=\"Las convalidaciones se rigen por el Real Decreto 1085\/2020 de 9 de diciembre y por el Real Decreto 659\/2023, de 18 de julio, por el que se desarrolla la ordenaci\u00f3n del Sistema de Formaci\u00f3n Profesional. Ambos Reales Decretos se pueden consultar a continuaci\u00f3n: Real Decreto 1085\/2020, de 9 de diciembre, por el que se establecen [&hellip;]\" \/>\n<meta property=\"og:url\" content=\"https:\/\/www.iax.es\/fp\/convalidaciones\/\" \/>\n<meta property=\"og:site_name\" content=\"Formaci\u00f3n Profesional del IES Alfonso X el Sabio\" \/>\n<meta property=\"article:modified_time\" content=\"2025-06-06T10:42:38+00:00\" \/>\n<meta name=\"twitter:card\" content=\"summary_large_image\" \/>\n<meta name=\"twitter:label1\" content=\"Tiempo de lectura\" \/>\n\t<meta name=\"twitter:data1\" content=\"3 minutos\" \/>\n<script type=\"application\/ld+json\" class=\"yoast-schema-graph\">{\"@context\":\"https:\/\/schema.org\",\"@graph\":[{\"@type\":\"WebSite\",\"@id\":\"https:\/\/www.iax.es\/fp\/#website\",\"url\":\"https:\/\/www.iax.es\/fp\/\",\"name\":\"Formaci\\u00f3n Profesional del IES Alfonso X el Sabio\",\"description\":\"Otro sitio m\\u00e1s de iax_wpmu\",\"potentialAction\":[{\"@type\":\"SearchAction\",\"target\":{\"@type\":\"EntryPoint\",\"urlTemplate\":\"https:\/\/www.iax.es\/fp\/?s={search_term_string}\"},\"query-input\":\"required name=search_term_string\"}],\"inLanguage\":\"es\"},{\"@type\":\"WebPage\",\"@id\":\"https:\/\/www.iax.es\/fp\/convalidaciones\/#webpage\",\"url\":\"https:\/\/www.iax.es\/fp\/convalidaciones\/\",\"name\":\"Convalidaciones - Formaci\\u00f3n Profesional del IES Alfonso X el Sabio\",\"isPartOf\":{\"@id\":\"https:\/\/www.iax.es\/fp\/#website\"},\"datePublished\":\"2025-02-28T10:23:46+00:00\",\"dateModified\":\"2025-06-06T10:42:38+00:00\",\"breadcrumb\":{\"@id\":\"https:\/\/www.iax.es\/fp\/convalidaciones\/#breadcrumb\"},\"inLanguage\":\"es\",\"potentialAction\":[{\"@type\":\"ReadAction\",\"target\":[\"https:\/\/www.iax.es\/fp\/convalidaciones\/\"]}]},{\"@type\":\"BreadcrumbList\",\"@id\":\"https:\/\/www.iax.es\/fp\/convalidaciones\/#breadcrumb\",\"itemListElement\":[{\"@type\":\"ListItem\",\"position\":1,\"name\":\"Portada\",\"item\":\"https:\/\/www.iax.es\/fp\/\"},{\"@type\":\"ListItem\",\"position\":2,\"name\":\"Convalidaciones\"}]}]}<\/script>\n<!-- \/ Yoast SEO plugin. -->","_links":{"self":[{"href":"https:\/\/www.iax.es\/fp\/wp-json\/wp\/v2\/pages\/71"}],"collection":[{"href":"https:\/\/www.iax.es\/fp\/wp-json\/wp\/v2\/pages"}],"about":[{"href":"https:\/\/www.iax.es\/fp\/wp-json\/wp\/v2\/types\/page"}],"author":[{"embeddable":true,"href":"https:\/\/www.iax.es\/fp\/wp-json\/wp\/v2\/users\/12"}],"replies":[{"embeddable":true,"href":"https:\/\/www.iax.es\/fp\/wp-json\/wp\/v2\/comments?post=71"}],"version-history":[{"count":4,"href":"https:\/\/www.iax.es\/fp\/wp-json\/wp\/v2\/pages\/71\/revisions"}],"predecessor-version":[{"id":218,"href":"https:\/\/www.iax.es\/fp\/wp-json\/wp\/v2\/pages\/71\/revisions\/218"}],"wp:attachment":[{"href":"https:\/\/www.iax.es\/fp\/wp-json\/wp\/v2\/media?parent=71"}],"curies":[{"name":"wp","href":"https:\/\/api.w.org\/{rel}","templated":true}]}}