{"id":79,"date":"2025-02-28T10:32:27","date_gmt":"2025-02-28T10:32:27","guid":{"rendered":"https:\/\/www.iax.es\/fp\/?page_id=79"},"modified":"2025-06-06T11:19:39","modified_gmt":"2025-06-06T11:19:39","slug":"renuncia-a-matricula","status":"publish","type":"page","link":"https:\/\/www.iax.es\/fp\/renuncia-a-matricula\/","title":{"rendered":"Renuncia a Matr\u00edcula"},"content":{"rendered":"\n<p>La renuncia a la matr\u00edcula est\u00e1 contemplada en la disposici\u00f3n trig\u00e9simo sexta de la Resoluci\u00f3n de 5 de julio de 2024, que puedes consultar a continuaci\u00f3n.<\/p>\n\n\n\n<p><a href=\"https:\/\/www.iax.es\/fp\/wp-content\/uploads\/sites\/15\/2025\/06\/Ordenacion_FP_Region_de_Murcia.pdf\">Resoluci\u00f3n de 5 de julio de 2024 de la Direcci\u00f3n General de Formaci\u00f3n Profesional, Ense\u00f1anzas de R\u00e9gimen Especial y Educaci\u00f3n Permanente, por la que se dictan instrucciones sobre la ordenaci\u00f3n y organizaci\u00f3n de los ciclos formativos  de grado medio y de grado superior en la Comunidad Aut\u00f3noma de la Regi\u00f3n de Murcia, en aplicaci\u00f3n del Real Decreto 659\/2023, de 18 de julio, por el que se desarrolla la ordenaci\u00f3n del sistema de formaci\u00f3n profesional.<\/a><\/p>\n\n\n\n<p>Las solicitudes de renuncia de matr\u00edcula, para los alumnos de distancia, se deben presentar durante los primeros quince d\u00edas lectivos del inicio efectivo del curso de la alumna o del alumno.<\/p>\n\n\n\n<p><a href=\"https:\/\/www.iax.es\/fp\/wp-content\/uploads\/sites\/15\/2025\/06\/Anexo_II_Renuncia_Matricula.pdf\">Descargar solicitud<\/a><\/p>\n","protected":false},"excerpt":{"rendered":"La renuncia a la matr\u00edcula est\u00e1 contemplada en la disposici\u00f3n trig\u00e9simo sexta de la Resoluci\u00f3n de 5 de julio de 2024, que puedes consultar a continuaci\u00f3n. Resoluci\u00f3n de 5 de julio de 2024 de la Direcci\u00f3n General de Formaci\u00f3n Profesional, Ense\u00f1anzas de R\u00e9gimen Especial y Educaci\u00f3n Permanente, por la que se dictan instrucciones sobre la [&hellip;]","protected":false},"author":12,"featured_media":0,"parent":0,"menu_order":9,"comment_status":"closed","ping_status":"closed","template":"","meta":[],"yoast_head":"<!-- This site is optimized with the Yoast SEO plugin v16.6.1 - https:\/\/yoast.com\/wordpress\/plugins\/seo\/ -->\n<title>Renuncia a Matr\u00edcula - Formaci\u00f3n Profesional del IES Alfonso X el Sabio<\/title>\n<meta name=\"robots\" content=\"index, follow, max-snippet:-1, max-image-preview:large, max-video-preview:-1\" \/>\n<link rel=\"canonical\" href=\"https:\/\/www.iax.es\/fp\/renuncia-a-matricula\/\" \/>\n<meta property=\"og:locale\" content=\"es_ES\" \/>\n<meta property=\"og:type\" content=\"article\" \/>\n<meta property=\"og:title\" content=\"Renuncia a Matr\u00edcula - Formaci\u00f3n Profesional del IES Alfonso X el Sabio\" \/>\n<meta property=\"og:description\" content=\"La renuncia a la matr\u00edcula est\u00e1 contemplada en la disposici\u00f3n trig\u00e9simo sexta de la Resoluci\u00f3n de 5 de julio de 2024, que puedes consultar a continuaci\u00f3n. Resoluci\u00f3n de 5 de julio de 2024 de la Direcci\u00f3n General de Formaci\u00f3n Profesional, Ense\u00f1anzas de R\u00e9gimen Especial y Educaci\u00f3n Permanente, por la que se dictan instrucciones sobre la [&hellip;]\" \/>\n<meta property=\"og:url\" content=\"https:\/\/www.iax.es\/fp\/renuncia-a-matricula\/\" \/>\n<meta property=\"og:site_name\" content=\"Formaci\u00f3n Profesional del IES Alfonso X el Sabio\" \/>\n<meta property=\"article:modified_time\" content=\"2025-06-06T11:19:39+00:00\" \/>\n<meta name=\"twitter:card\" content=\"summary_large_image\" \/>\n<meta name=\"twitter:label1\" content=\"Tiempo de lectura\" \/>\n\t<meta name=\"twitter:data1\" content=\"1 minuto\" \/>\n<script type=\"application\/ld+json\" class=\"yoast-schema-graph\">{\"@context\":\"https:\/\/schema.org\",\"@graph\":[{\"@type\":\"WebSite\",\"@id\":\"https:\/\/www.iax.es\/fp\/#website\",\"url\":\"https:\/\/www.iax.es\/fp\/\",\"name\":\"Formaci\\u00f3n Profesional del IES Alfonso X el Sabio\",\"description\":\"Otro sitio m\\u00e1s de iax_wpmu\",\"potentialAction\":[{\"@type\":\"SearchAction\",\"target\":{\"@type\":\"EntryPoint\",\"urlTemplate\":\"https:\/\/www.iax.es\/fp\/?s={search_term_string}\"},\"query-input\":\"required name=search_term_string\"}],\"inLanguage\":\"es\"},{\"@type\":\"WebPage\",\"@id\":\"https:\/\/www.iax.es\/fp\/renuncia-a-matricula\/#webpage\",\"url\":\"https:\/\/www.iax.es\/fp\/renuncia-a-matricula\/\",\"name\":\"Renuncia a Matr\\u00edcula - Formaci\\u00f3n Profesional del IES Alfonso X el Sabio\",\"isPartOf\":{\"@id\":\"https:\/\/www.iax.es\/fp\/#website\"},\"datePublished\":\"2025-02-28T10:32:27+00:00\",\"dateModified\":\"2025-06-06T11:19:39+00:00\",\"breadcrumb\":{\"@id\":\"https:\/\/www.iax.es\/fp\/renuncia-a-matricula\/#breadcrumb\"},\"inLanguage\":\"es\",\"potentialAction\":[{\"@type\":\"ReadAction\",\"target\":[\"https:\/\/www.iax.es\/fp\/renuncia-a-matricula\/\"]}]},{\"@type\":\"BreadcrumbList\",\"@id\":\"https:\/\/www.iax.es\/fp\/renuncia-a-matricula\/#breadcrumb\",\"itemListElement\":[{\"@type\":\"ListItem\",\"position\":1,\"name\":\"Portada\",\"item\":\"https:\/\/www.iax.es\/fp\/\"},{\"@type\":\"ListItem\",\"position\":2,\"name\":\"Renuncia a Matr\\u00edcula\"}]}]}<\/script>\n<!-- \/ Yoast SEO plugin. -->","_links":{"self":[{"href":"https:\/\/www.iax.es\/fp\/wp-json\/wp\/v2\/pages\/79"}],"collection":[{"href":"https:\/\/www.iax.es\/fp\/wp-json\/wp\/v2\/pages"}],"about":[{"href":"https:\/\/www.iax.es\/fp\/wp-json\/wp\/v2\/types\/page"}],"author":[{"embeddable":true,"href":"https:\/\/www.iax.es\/fp\/wp-json\/wp\/v2\/users\/12"}],"replies":[{"embeddable":true,"href":"https:\/\/www.iax.es\/fp\/wp-json\/wp\/v2\/comments?post=79"}],"version-history":[{"count":5,"href":"https:\/\/www.iax.es\/fp\/wp-json\/wp\/v2\/pages\/79\/revisions"}],"predecessor-version":[{"id":229,"href":"https:\/\/www.iax.es\/fp\/wp-json\/wp\/v2\/pages\/79\/revisions\/229"}],"wp:attachment":[{"href":"https:\/\/www.iax.es\/fp\/wp-json\/wp\/v2\/media?parent=79"}],"curies":[{"name":"wp","href":"https:\/\/api.w.org\/{rel}","templated":true}]}}