{"id":84,"date":"2025-02-28T13:50:30","date_gmt":"2025-02-28T13:50:30","guid":{"rendered":"https:\/\/www.iax.es\/fp\/?page_id=84"},"modified":"2025-06-10T10:28:33","modified_gmt":"2025-06-10T10:28:33","slug":"convocatoria-extraordinaria","status":"publish","type":"page","link":"https:\/\/www.iax.es\/fp\/convocatoria-extraordinaria\/","title":{"rendered":"Convocatoria Extraordinaria"},"content":{"rendered":"\n<p>La convocatoria extraordinaria est\u00e1 establecida en la disposici\u00f3n trig\u00e9sima cuarta de la Resoluci\u00f3n de 5 de julio de 2024. Indica que el alumnado matriculado en un ciclo formativo tendr\u00e1 derecho a dos convocatorias anuales, una ordinaria y otra extraordinaria, pudiendo optar a un m\u00e1ximo de cuatro convocatorias en total, excepto el periodo de estancia en empresa u organismo equiparado, que podr\u00e1 ser desarrollada como m\u00e1ximo en dos ocasiones. Con el fin de facilitar la conclusi\u00f3n de las ense\u00f1anzas se podr\u00e1 autorizar hasta un m\u00e1ximo de dos convocatorias de evaluaci\u00f3n extraordinarias adicionales para el alumnado que haya agotado las cuatro convocatorias ordinarias por motivos de enfermedad, discapacidad u otras circunstancias que dificulten o impidan el seguimiento o aprovechamiento ordinario de la formaci\u00f3n. <\/p>\n\n\n\n<p>La convocatoria extraordinaria ser\u00e1 concedida por una sola vez, a los alumnos que habiendo agotado todas las convocatorias establecidas les falten hasta un m\u00e1ximo de tres m\u00f3dulos profesionales para poder titular.<\/p>\n\n\n\n<p>El plazo de presentaci\u00f3n de solicitudes para la convocatoria extraordinaria estar\u00e1 comprendido entre el 15 de junio y el 30 de septiembre de cada a\u00f1o, ambos inclusive<\/p>\n\n\n\n<p><a href=\"https:\/\/www.iax.es\/fp\/wp-content\/uploads\/sites\/15\/2025\/06\/Ordenacion_FP_Region_de_Murcia.pdf\">Resoluci\u00f3n de 5 de julio de 2024 de la Direcci\u00f3n General de Formaci\u00f3n Profesional, Ense\u00f1anzas de R\u00e9gimen Especial y Educaci\u00f3n Permanente, por la que se dictan instrucciones sobre la ordenaci\u00f3n y organizaci\u00f3n de los ciclos formativos de grado medio y de grado superior en la Comunidad Aut\u00f3noma de la Regi\u00f3n de Murcia, en aplicaci\u00f3n del Real Decreto 659\/2023, de 18 de julio, por el que se desarrolla la ordenaci\u00f3n del sistema de formaci\u00f3n profesional.<\/a><\/p>\n\n\n\n<p><a href=\"https:\/\/www.borm.es\/services\/anuncio\/ano\/2010\/numero\/11479\/pdf?id=405320\">Resoluci\u00f3n de 2 de junio de 2010, del Director General de Formaci\u00f3n Profesional y Educaci\u00f3n de Personas Adultas por la que se dictan instrucciones para la tramitaci\u00f3n y concesi\u00f3n de solicitudes de convocatoria extraordinaria en m\u00f3dulos profesionales de T\u00edtulos de Formaci\u00f3n Profesional.<\/a><\/p>\n\n\n\n<p><a href=\"https:\/\/www.iax.es\/fp\/wp-content\/uploads\/sites\/15\/2025\/02\/Conv.extraordinaria.pdf\" target=\"_blank\" rel=\"noreferrer noopener\">Descargar solicitud<\/a><\/p>\n","protected":false},"excerpt":{"rendered":"La convocatoria extraordinaria est\u00e1 establecida en la disposici\u00f3n trig\u00e9sima cuarta de la Resoluci\u00f3n de 5 de julio de 2024. Indica que el alumnado matriculado en un ciclo formativo tendr\u00e1 derecho a dos convocatorias anuales, una ordinaria y otra extraordinaria, pudiendo optar a un m\u00e1ximo de cuatro convocatorias en total, excepto el periodo de estancia en [&hellip;]","protected":false},"author":12,"featured_media":0,"parent":0,"menu_order":11,"comment_status":"closed","ping_status":"closed","template":"","meta":[],"yoast_head":"<!-- This site is optimized with the Yoast SEO plugin v16.6.1 - https:\/\/yoast.com\/wordpress\/plugins\/seo\/ -->\n<title>Convocatoria Extraordinaria - Formaci\u00f3n Profesional del IES Alfonso X el Sabio<\/title>\n<meta name=\"robots\" content=\"index, follow, max-snippet:-1, max-image-preview:large, max-video-preview:-1\" \/>\n<link rel=\"canonical\" href=\"https:\/\/www.iax.es\/fp\/convocatoria-extraordinaria\/\" \/>\n<meta property=\"og:locale\" content=\"es_ES\" \/>\n<meta property=\"og:type\" content=\"article\" \/>\n<meta property=\"og:title\" content=\"Convocatoria Extraordinaria - Formaci\u00f3n Profesional del IES Alfonso X el Sabio\" \/>\n<meta property=\"og:description\" content=\"La convocatoria extraordinaria est\u00e1 establecida en la disposici\u00f3n trig\u00e9sima cuarta de la Resoluci\u00f3n de 5 de julio de 2024. Indica que el alumnado matriculado en un ciclo formativo tendr\u00e1 derecho a dos convocatorias anuales, una ordinaria y otra extraordinaria, pudiendo optar a un m\u00e1ximo de cuatro convocatorias en total, excepto el periodo de estancia en [&hellip;]\" \/>\n<meta property=\"og:url\" content=\"https:\/\/www.iax.es\/fp\/convocatoria-extraordinaria\/\" \/>\n<meta property=\"og:site_name\" content=\"Formaci\u00f3n Profesional del IES Alfonso X el Sabio\" \/>\n<meta property=\"article:modified_time\" content=\"2025-06-10T10:28:33+00:00\" \/>\n<meta name=\"twitter:card\" content=\"summary_large_image\" \/>\n<meta name=\"twitter:label1\" content=\"Tiempo de lectura\" \/>\n\t<meta name=\"twitter:data1\" content=\"2 minutos\" \/>\n<script type=\"application\/ld+json\" class=\"yoast-schema-graph\">{\"@context\":\"https:\/\/schema.org\",\"@graph\":[{\"@type\":\"WebSite\",\"@id\":\"https:\/\/www.iax.es\/fp\/#website\",\"url\":\"https:\/\/www.iax.es\/fp\/\",\"name\":\"Formaci\\u00f3n Profesional del IES Alfonso X el Sabio\",\"description\":\"Otro sitio m\\u00e1s de iax_wpmu\",\"potentialAction\":[{\"@type\":\"SearchAction\",\"target\":{\"@type\":\"EntryPoint\",\"urlTemplate\":\"https:\/\/www.iax.es\/fp\/?s={search_term_string}\"},\"query-input\":\"required name=search_term_string\"}],\"inLanguage\":\"es\"},{\"@type\":\"WebPage\",\"@id\":\"https:\/\/www.iax.es\/fp\/convocatoria-extraordinaria\/#webpage\",\"url\":\"https:\/\/www.iax.es\/fp\/convocatoria-extraordinaria\/\",\"name\":\"Convocatoria Extraordinaria - Formaci\\u00f3n Profesional del IES Alfonso X el Sabio\",\"isPartOf\":{\"@id\":\"https:\/\/www.iax.es\/fp\/#website\"},\"datePublished\":\"2025-02-28T13:50:30+00:00\",\"dateModified\":\"2025-06-10T10:28:33+00:00\",\"breadcrumb\":{\"@id\":\"https:\/\/www.iax.es\/fp\/convocatoria-extraordinaria\/#breadcrumb\"},\"inLanguage\":\"es\",\"potentialAction\":[{\"@type\":\"ReadAction\",\"target\":[\"https:\/\/www.iax.es\/fp\/convocatoria-extraordinaria\/\"]}]},{\"@type\":\"BreadcrumbList\",\"@id\":\"https:\/\/www.iax.es\/fp\/convocatoria-extraordinaria\/#breadcrumb\",\"itemListElement\":[{\"@type\":\"ListItem\",\"position\":1,\"name\":\"Portada\",\"item\":\"https:\/\/www.iax.es\/fp\/\"},{\"@type\":\"ListItem\",\"position\":2,\"name\":\"Convocatoria Extraordinaria\"}]}]}<\/script>\n<!-- \/ Yoast SEO plugin. -->","_links":{"self":[{"href":"https:\/\/www.iax.es\/fp\/wp-json\/wp\/v2\/pages\/84"}],"collection":[{"href":"https:\/\/www.iax.es\/fp\/wp-json\/wp\/v2\/pages"}],"about":[{"href":"https:\/\/www.iax.es\/fp\/wp-json\/wp\/v2\/types\/page"}],"author":[{"embeddable":true,"href":"https:\/\/www.iax.es\/fp\/wp-json\/wp\/v2\/users\/12"}],"replies":[{"embeddable":true,"href":"https:\/\/www.iax.es\/fp\/wp-json\/wp\/v2\/comments?post=84"}],"version-history":[{"count":3,"href":"https:\/\/www.iax.es\/fp\/wp-json\/wp\/v2\/pages\/84\/revisions"}],"predecessor-version":[{"id":235,"href":"https:\/\/www.iax.es\/fp\/wp-json\/wp\/v2\/pages\/84\/revisions\/235"}],"wp:attachment":[{"href":"https:\/\/www.iax.es\/fp\/wp-json\/wp\/v2\/media?parent=84"}],"curies":[{"name":"wp","href":"https:\/\/api.w.org\/{rel}","templated":true}]}}