{"id":88,"date":"2025-02-28T13:51:55","date_gmt":"2025-02-28T13:51:55","guid":{"rendered":"https:\/\/www.iax.es\/fp\/?page_id=88"},"modified":"2025-06-23T08:43:29","modified_gmt":"2025-06-23T08:43:29","slug":"certificados","status":"publish","type":"page","link":"https:\/\/www.iax.es\/fp\/certificados\/","title":{"rendered":"Certificados"},"content":{"rendered":"\n<p>Los certificados podr\u00e1n solicitarse de forma presencial en la Secretar\u00eda del Centro, o a trav\u00e9s del correo de la secretar\u00eda del Centro, <strong>secretaria@iax.es<\/strong>. Se enviar\u00e1n los Certificados firmados electr\u00f3nicamente al email del interesado.<\/p>\n","protected":false},"excerpt":{"rendered":"Los certificados podr\u00e1n solicitarse de forma presencial en la Secretar\u00eda del Centro, o a trav\u00e9s del correo de la secretar\u00eda del Centro, secretaria@iax.es. Se enviar\u00e1n los Certificados firmados electr\u00f3nicamente al email del interesado.","protected":false},"author":12,"featured_media":0,"parent":0,"menu_order":13,"comment_status":"closed","ping_status":"closed","template":"","meta":[],"yoast_head":"<!-- This site is optimized with the Yoast SEO plugin v16.6.1 - https:\/\/yoast.com\/wordpress\/plugins\/seo\/ -->\n<title>Certificados - Formaci\u00f3n Profesional del IES Alfonso X el Sabio<\/title>\n<meta name=\"robots\" content=\"index, follow, max-snippet:-1, max-image-preview:large, max-video-preview:-1\" \/>\n<link rel=\"canonical\" href=\"https:\/\/www.iax.es\/fp\/certificados\/\" \/>\n<meta property=\"og:locale\" content=\"es_ES\" \/>\n<meta property=\"og:type\" content=\"article\" \/>\n<meta property=\"og:title\" content=\"Certificados - Formaci\u00f3n Profesional del IES Alfonso X el Sabio\" \/>\n<meta property=\"og:description\" content=\"Los certificados podr\u00e1n solicitarse de forma presencial en la Secretar\u00eda del Centro, o a trav\u00e9s del correo de la secretar\u00eda del Centro, secretaria@iax.es. Se enviar\u00e1n los Certificados firmados electr\u00f3nicamente al email del interesado.\" \/>\n<meta property=\"og:url\" content=\"https:\/\/www.iax.es\/fp\/certificados\/\" \/>\n<meta property=\"og:site_name\" content=\"Formaci\u00f3n Profesional del IES Alfonso X el Sabio\" \/>\n<meta property=\"article:modified_time\" content=\"2025-06-23T08:43:29+00:00\" \/>\n<meta name=\"twitter:card\" content=\"summary_large_image\" \/>\n<meta name=\"twitter:label1\" content=\"Tiempo de lectura\" \/>\n\t<meta name=\"twitter:data1\" content=\"1 minuto\" \/>\n<script type=\"application\/ld+json\" class=\"yoast-schema-graph\">{\"@context\":\"https:\/\/schema.org\",\"@graph\":[{\"@type\":\"WebSite\",\"@id\":\"https:\/\/www.iax.es\/fp\/#website\",\"url\":\"https:\/\/www.iax.es\/fp\/\",\"name\":\"Formaci\\u00f3n Profesional del IES Alfonso X el Sabio\",\"description\":\"Otro sitio m\\u00e1s de iax_wpmu\",\"potentialAction\":[{\"@type\":\"SearchAction\",\"target\":{\"@type\":\"EntryPoint\",\"urlTemplate\":\"https:\/\/www.iax.es\/fp\/?s={search_term_string}\"},\"query-input\":\"required name=search_term_string\"}],\"inLanguage\":\"es\"},{\"@type\":\"WebPage\",\"@id\":\"https:\/\/www.iax.es\/fp\/certificados\/#webpage\",\"url\":\"https:\/\/www.iax.es\/fp\/certificados\/\",\"name\":\"Certificados - Formaci\\u00f3n Profesional del IES Alfonso X el Sabio\",\"isPartOf\":{\"@id\":\"https:\/\/www.iax.es\/fp\/#website\"},\"datePublished\":\"2025-02-28T13:51:55+00:00\",\"dateModified\":\"2025-06-23T08:43:29+00:00\",\"breadcrumb\":{\"@id\":\"https:\/\/www.iax.es\/fp\/certificados\/#breadcrumb\"},\"inLanguage\":\"es\",\"potentialAction\":[{\"@type\":\"ReadAction\",\"target\":[\"https:\/\/www.iax.es\/fp\/certificados\/\"]}]},{\"@type\":\"BreadcrumbList\",\"@id\":\"https:\/\/www.iax.es\/fp\/certificados\/#breadcrumb\",\"itemListElement\":[{\"@type\":\"ListItem\",\"position\":1,\"name\":\"Portada\",\"item\":\"https:\/\/www.iax.es\/fp\/\"},{\"@type\":\"ListItem\",\"position\":2,\"name\":\"Certificados\"}]}]}<\/script>\n<!-- \/ Yoast SEO plugin. -->","_links":{"self":[{"href":"https:\/\/www.iax.es\/fp\/wp-json\/wp\/v2\/pages\/88"}],"collection":[{"href":"https:\/\/www.iax.es\/fp\/wp-json\/wp\/v2\/pages"}],"about":[{"href":"https:\/\/www.iax.es\/fp\/wp-json\/wp\/v2\/types\/page"}],"author":[{"embeddable":true,"href":"https:\/\/www.iax.es\/fp\/wp-json\/wp\/v2\/users\/12"}],"replies":[{"embeddable":true,"href":"https:\/\/www.iax.es\/fp\/wp-json\/wp\/v2\/comments?post=88"}],"version-history":[{"count":2,"href":"https:\/\/www.iax.es\/fp\/wp-json\/wp\/v2\/pages\/88\/revisions"}],"predecessor-version":[{"id":286,"href":"https:\/\/www.iax.es\/fp\/wp-json\/wp\/v2\/pages\/88\/revisions\/286"}],"wp:attachment":[{"href":"https:\/\/www.iax.es\/fp\/wp-json\/wp\/v2\/media?parent=88"}],"curies":[{"name":"wp","href":"https:\/\/api.w.org\/{rel}","templated":true}]}}