{"id":10,"date":"2019-10-29T09:44:48","date_gmt":"2019-09-23T08:58:10","guid":{"rendered":"https:\/\/www.iax.es\/iciax\/?page_id=10"},"modified":"2024-01-21T22:14:59","modified_gmt":"2024-01-21T21:14:59","slug":"inscripcion","status":"publish","type":"page","link":"https:\/\/www.iax.es\/iciax\/inscripcion\/","title":{"rendered":"Inscripci\u00f3n y reservas"},"content":{"rendered":"\n<h2>Inscripci\u00f3n<\/h2>\n\n\n\n<p>La cuota de inscripci\u00f3n es de <strong>20 \u20ac por alumno y profesor<\/strong> acompa\u00f1ante. <\/p>\n\n\n\n<p>El abono de la cuota da derecho a la recepci\u00f3n de documentaci\u00f3n y a la participaci\u00f3n en todos los actos programados durante los tres d\u00edas. <\/p>\n\n\n\n<p>La cuota de inscripci\u00f3n al encuentro se ingresar\u00e1 en la siguiente cuenta bancaria:<\/p>\n\n\n\n<p>Entidad: <code>OpenBank<br><\/code>IBAN: <code>ES68 0073 0100 5107 5499 6942<\/code><br>Concepto: <code>ICIAX2024 <\/code>y nombre del <strong>ponente <\/strong>o <strong>profesor<\/strong>.<\/p>\n\n\n\n<h2>Alojamiento<\/h2>\n\n\n\n<p>Para alojamiento en hoteles y, si es necesario, billetes de avi\u00f3n, etc. contactar con la agencia de viajes oficial del encuentro es <a rel=\"noreferrer noopener\" aria-label=\"KENYATRAVEL (abre en una nueva pesta\u00f1a)\" href=\"http:\/\/www.kenyatravel.es\/\" target=\"_blank\">Kenya Travel<\/a>.<\/p>\n\n\n\n<p>Hay diferentes posibilidades de alojamiento a consultar con Kenyatravel de hasta 60 euros alojamiento y desayuno en habitaci\u00f3n doble. <\/p>\n\n\n\n<p>El precio variar\u00e1 seg\u00fan la ocupaci\u00f3n de la habitaci\u00f3n y el hotel elegido.<\/p>\n\n\n\n<p>El alojamiento se gestiona y se abona directamente con la agencia de viajes.<\/p>\n\n\n\n<h2>Formulario de inscripci\u00f3n<\/h2>\n\n\n\n<p>El env\u00edo del formulario de inscripci\u00f3n y el pago de la cuota deber\u00e1n realizarse&nbsp;antes del&nbsp;<strong>30 de enero de 2024<\/strong>.<\/p>\n\n\n\n<p>En el caso de los <strong>ponentes <\/strong>se enviar\u00e1 el resguardo de pago, un breve resumen acerca del contenido del trabajo presentado y el nombre del profesor supervisor.<\/p>\n\n\n\n<p>Para cumplimentar el formulario de inscripci\u00f3n pinche en el siguiente enlace:<\/p>\n\n\n\n<p class=\"has-text-align-center has-pale-cyan-blue-background-color has-background\"><a href=\"https:\/\/www.iax.es\/iciax\/inscripcion\/formulario\/\" target=\"_blank\" rel=\"noreferrer noopener\" aria-label=\" (abre en una nueva pesta\u00f1a)\">Formulario de inscripci\u00f3n<\/a><\/p>\n","protected":false},"excerpt":{"rendered":"<p>Inscripci\u00f3n La cuota de inscripci\u00f3n es de 20 \u20ac por alumno y profesor acompa\u00f1ante. El abono de la cuota da derecho a la recepci\u00f3n de documentaci\u00f3n y a la participaci\u00f3n en todos los actos programados durante los tres d\u00edas. La cuota de inscripci\u00f3n al encuentro se ingresar\u00e1 en la siguiente cuenta bancaria: Entidad: OpenBankIBAN: ES68 [&hellip;]<\/p>\n","protected":false},"author":3,"featured_media":101,"parent":0,"menu_order":1,"comment_status":"closed","ping_status":"closed","template":"","meta":[],"yoast_head":"<!-- This site is optimized with the Yoast SEO plugin v16.6.1 - https:\/\/yoast.com\/wordpress\/plugins\/seo\/ -->\n<title>Inscripci\u00f3n y reservas - I+C+IAX<\/title>\n<meta name=\"robots\" content=\"index, follow, max-snippet:-1, max-image-preview:large, max-video-preview:-1\" \/>\n<link rel=\"canonical\" href=\"https:\/\/www.iax.es\/iciax\/inscripcion\/\" \/>\n<meta property=\"og:locale\" content=\"es_ES\" \/>\n<meta property=\"og:type\" content=\"article\" \/>\n<meta property=\"og:title\" content=\"Inscripci\u00f3n y reservas - I+C+IAX\" \/>\n<meta property=\"og:description\" content=\"Inscripci\u00f3n La cuota de inscripci\u00f3n es de 20 \u20ac por alumno y profesor acompa\u00f1ante. El abono de la cuota da derecho a la recepci\u00f3n de documentaci\u00f3n y a la participaci\u00f3n en todos los actos programados durante los tres d\u00edas. La cuota de inscripci\u00f3n al encuentro se ingresar\u00e1 en la siguiente cuenta bancaria: Entidad: OpenBankIBAN: ES68 [&hellip;]\" \/>\n<meta property=\"og:url\" content=\"https:\/\/www.iax.es\/iciax\/inscripcion\/\" \/>\n<meta property=\"og:site_name\" content=\"I+C+IAX\" \/>\n<meta property=\"article:modified_time\" content=\"2024-01-21T21:14:59+00:00\" \/>\n<meta property=\"og:image\" content=\"https:\/\/www.iax.es\/iciax\/wp-content\/uploads\/sites\/7\/2019\/11\/iciax-bktest-1.jpg\" \/>\n\t<meta property=\"og:image:width\" content=\"1920\" \/>\n\t<meta property=\"og:image:height\" content=\"1080\" \/>\n<meta name=\"twitter:card\" content=\"summary_large_image\" \/>\n<meta name=\"twitter:label1\" content=\"Tiempo de lectura\" \/>\n\t<meta name=\"twitter:data1\" content=\"1 minuto\" \/>\n<script type=\"application\/ld+json\" class=\"yoast-schema-graph\">{\"@context\":\"https:\/\/schema.org\",\"@graph\":[{\"@type\":\"WebSite\",\"@id\":\"https:\/\/www.iax.es\/iciax\/#website\",\"url\":\"https:\/\/www.iax.es\/iciax\/\",\"name\":\"I+C+IAX\",\"description\":\"I Encuentro internacional de estudiantes investigadores y creativos del IES Alfonso X El Sabio\",\"potentialAction\":[{\"@type\":\"SearchAction\",\"target\":{\"@type\":\"EntryPoint\",\"urlTemplate\":\"https:\/\/www.iax.es\/iciax\/?s={search_term_string}\"},\"query-input\":\"required name=search_term_string\"}],\"inLanguage\":\"es\"},{\"@type\":\"ImageObject\",\"@id\":\"https:\/\/www.iax.es\/iciax\/inscripcion\/#primaryimage\",\"inLanguage\":\"es\",\"url\":\"https:\/\/www.iax.es\/iciax\/wp-content\/uploads\/sites\/7\/2019\/11\/iciax-bktest-1.jpg\",\"contentUrl\":\"https:\/\/www.iax.es\/iciax\/wp-content\/uploads\/sites\/7\/2019\/11\/iciax-bktest-1.jpg\",\"width\":1920,\"height\":1080},{\"@type\":\"WebPage\",\"@id\":\"https:\/\/www.iax.es\/iciax\/inscripcion\/#webpage\",\"url\":\"https:\/\/www.iax.es\/iciax\/inscripcion\/\",\"name\":\"Inscripci\\u00f3n y reservas - I+C+IAX\",\"isPartOf\":{\"@id\":\"https:\/\/www.iax.es\/iciax\/#website\"},\"primaryImageOfPage\":{\"@id\":\"https:\/\/www.iax.es\/iciax\/inscripcion\/#primaryimage\"},\"datePublished\":\"2019-09-23T08:58:10+00:00\",\"dateModified\":\"2024-01-21T21:14:59+00:00\",\"breadcrumb\":{\"@id\":\"https:\/\/www.iax.es\/iciax\/inscripcion\/#breadcrumb\"},\"inLanguage\":\"es\",\"potentialAction\":[{\"@type\":\"ReadAction\",\"target\":[\"https:\/\/www.iax.es\/iciax\/inscripcion\/\"]}]},{\"@type\":\"BreadcrumbList\",\"@id\":\"https:\/\/www.iax.es\/iciax\/inscripcion\/#breadcrumb\",\"itemListElement\":[{\"@type\":\"ListItem\",\"position\":1,\"name\":\"Portada\",\"item\":\"https:\/\/www.iax.es\/iciax\/\"},{\"@type\":\"ListItem\",\"position\":2,\"name\":\"Inscripci\\u00f3n y reservas\"}]}]}<\/script>\n<!-- \/ Yoast SEO plugin. -->","_links":{"self":[{"href":"https:\/\/www.iax.es\/iciax\/wp-json\/wp\/v2\/pages\/10"}],"collection":[{"href":"https:\/\/www.iax.es\/iciax\/wp-json\/wp\/v2\/pages"}],"about":[{"href":"https:\/\/www.iax.es\/iciax\/wp-json\/wp\/v2\/types\/page"}],"author":[{"embeddable":true,"href":"https:\/\/www.iax.es\/iciax\/wp-json\/wp\/v2\/users\/3"}],"replies":[{"embeddable":true,"href":"https:\/\/www.iax.es\/iciax\/wp-json\/wp\/v2\/comments?post=10"}],"version-history":[{"count":28,"href":"https:\/\/www.iax.es\/iciax\/wp-json\/wp\/v2\/pages\/10\/revisions"}],"predecessor-version":[{"id":219,"href":"https:\/\/www.iax.es\/iciax\/wp-json\/wp\/v2\/pages\/10\/revisions\/219"}],"wp:featuredmedia":[{"embeddable":true,"href":"https:\/\/www.iax.es\/iciax\/wp-json\/wp\/v2\/media\/101"}],"wp:attachment":[{"href":"https:\/\/www.iax.es\/iciax\/wp-json\/wp\/v2\/media?parent=10"}],"curies":[{"name":"wp","href":"https:\/\/api.w.org\/{rel}","templated":true}]}}