{"id":27,"date":"2019-09-23T12:31:34","date_gmt":"2019-09-23T10:31:34","guid":{"rendered":"https:\/\/www.iax.es\/iciax\/?page_id=27"},"modified":"2023-11-05T21:46:32","modified_gmt":"2023-11-05T20:46:32","slug":"home","status":"publish","type":"page","link":"https:\/\/www.iax.es\/iciax\/","title":{"rendered":"III ECUENTRO DE J\u00d3VENES INVESTIGADORES Y CREATIVOS"},"content":{"rendered":"\n<p>El Instituto de Educaci\u00f3n Secundaria Alfonso X el Sabio de Murcia celebra los d\u00edas <strong>20, 21 y 22 de marzo de 2024<\/strong> el <strong>I Encuentro internacional de estudiantes investigadores (I+C+IAX)<\/strong>. Este evento tiene como principales objetivos:<\/p>\n\n\n\n<ul><li>Promover el conocimiento generado por los estudiantes a trav\u00e9s de sus propias investigaciones.<\/li><li>Impulsar el conocimiento interdisciplinar atendiendo a todas las \u00e1reas del conocimiento.<\/li><li>Fomentar la creatividad art\u00edstica a trav\u00e9s de la difusi\u00f3n de creaciones producidas por los estudiantes.<\/li><li>Fomentar el multiling\u00fcismo a trav\u00e9s de comunicaciones en distintas lenguas.<\/li><li>Favorecer la capacidad de los estudiantes para elaborar, exponer y argumentar de forma razonada proyectos y resultados de investigaci\u00f3n.<\/li><li>Propiciar las relaciones entre el alumnado de distintas comunidades o pa\u00edses basadas en el conocimiento.<\/li><\/ul>\n\n\n\n<p>Las sinopsis de las ponencias ser\u00e1n recogidas en un libro que se publicar\u00e1 en colaboraci\u00f3n con el Excelent\u00edsimo Ayuntamiento de Murcia.<\/p>\n\n\n\n<p>Los centros interesados deber\u00e1n ponerse en contacto con la organizadora del I+C+IAX para determinar el n\u00famero de alumnos interesados en asistir en funci\u00f3n de las plazas disponibles. El plazo de inscripci\u00f3n acab\u00f3 el 30 de enero.<\/p>\n\n\n\n<p>Contacto: mariadolores.romero2@murciaeduca.es.<\/p>\n\n\n\n<p class=\"has-text-align-center\"><a href=\"https:\/\/www.iax.es\/iciax\/info\/\"><strong>Descubre toda la informaci\u00f3n aqu\u00ed.<\/strong><\/a><\/p>\n","protected":false},"excerpt":{"rendered":"<p>El Instituto de Educaci\u00f3n Secundaria Alfonso X el Sabio de Murcia celebra los d\u00edas 20, 21 y 22 de marzo de 2024 el I Encuentro internacional de estudiantes investigadores (I+C+IAX). Este evento tiene como principales objetivos: Promover el conocimiento generado por los estudiantes a trav\u00e9s de sus propias investigaciones. Impulsar el conocimiento interdisciplinar atendiendo a [&hellip;]<\/p>\n","protected":false},"author":3,"featured_media":136,"parent":0,"menu_order":3,"comment_status":"closed","ping_status":"closed","template":"","meta":[],"yoast_head":"<!-- This site is optimized with the Yoast SEO plugin v16.6.1 - https:\/\/yoast.com\/wordpress\/plugins\/seo\/ -->\n<title>III ECUENTRO DE J\u00d3VENES INVESTIGADORES Y CREATIVOS - I+C+IAX<\/title>\n<meta name=\"description\" content=\"El IES Alfonso X el Sabio de Murcia convoca su I Encuentro Internacional de Estudiantes Investigadores y Creativos (I+C+IAX), que se celebrar\u00e1 los d\u00edas 27, 28 y 29 de marzo de 2020.\" \/>\n<meta name=\"robots\" content=\"index, follow, max-snippet:-1, max-image-preview:large, max-video-preview:-1\" \/>\n<link rel=\"canonical\" href=\"https:\/\/www.iax.es\/iciax\/\" \/>\n<meta property=\"og:locale\" content=\"es_ES\" \/>\n<meta property=\"og:type\" content=\"article\" \/>\n<meta property=\"og:title\" content=\"III ECUENTRO DE J\u00d3VENES INVESTIGADORES Y CREATIVOS - I+C+IAX\" \/>\n<meta property=\"og:description\" content=\"El IES Alfonso X el Sabio de Murcia convoca su I Encuentro Internacional de Estudiantes Investigadores y Creativos (I+C+IAX), que se celebrar\u00e1 los d\u00edas 27, 28 y 29 de marzo de 2020.\" \/>\n<meta property=\"og:url\" content=\"https:\/\/www.iax.es\/iciax\/\" \/>\n<meta property=\"og:site_name\" content=\"I+C+IAX\" \/>\n<meta property=\"article:modified_time\" content=\"2023-11-05T20:46:32+00:00\" \/>\n<meta property=\"og:image\" content=\"https:\/\/www.iax.es\/iciax\/wp-content\/uploads\/sites\/7\/2019\/11\/iciax-bktest-3.jpg\" \/>\n\t<meta property=\"og:image:width\" content=\"1920\" \/>\n\t<meta property=\"og:image:height\" content=\"1080\" \/>\n<meta name=\"twitter:card\" content=\"summary_large_image\" \/>\n<meta name=\"twitter:label1\" content=\"Tiempo de lectura\" \/>\n\t<meta name=\"twitter:data1\" content=\"1 minuto\" \/>\n<script type=\"application\/ld+json\" class=\"yoast-schema-graph\">{\"@context\":\"https:\/\/schema.org\",\"@graph\":[{\"@type\":\"WebSite\",\"@id\":\"https:\/\/www.iax.es\/iciax\/#website\",\"url\":\"https:\/\/www.iax.es\/iciax\/\",\"name\":\"I+C+IAX\",\"description\":\"I Encuentro internacional de estudiantes investigadores y creativos del IES Alfonso X El Sabio\",\"potentialAction\":[{\"@type\":\"SearchAction\",\"target\":{\"@type\":\"EntryPoint\",\"urlTemplate\":\"https:\/\/www.iax.es\/iciax\/?s={search_term_string}\"},\"query-input\":\"required name=search_term_string\"}],\"inLanguage\":\"es\"},{\"@type\":\"ImageObject\",\"@id\":\"https:\/\/www.iax.es\/iciax\/#primaryimage\",\"inLanguage\":\"es\",\"url\":\"https:\/\/www.iax.es\/iciax\/wp-content\/uploads\/sites\/7\/2019\/11\/iciax-bktest-3.jpg\",\"contentUrl\":\"https:\/\/www.iax.es\/iciax\/wp-content\/uploads\/sites\/7\/2019\/11\/iciax-bktest-3.jpg\",\"width\":1920,\"height\":1080},{\"@type\":\"WebPage\",\"@id\":\"https:\/\/www.iax.es\/iciax\/#webpage\",\"url\":\"https:\/\/www.iax.es\/iciax\/\",\"name\":\"III ECUENTRO DE J\\u00d3VENES INVESTIGADORES Y CREATIVOS - I+C+IAX\",\"isPartOf\":{\"@id\":\"https:\/\/www.iax.es\/iciax\/#website\"},\"primaryImageOfPage\":{\"@id\":\"https:\/\/www.iax.es\/iciax\/#primaryimage\"},\"datePublished\":\"2019-09-23T10:31:34+00:00\",\"dateModified\":\"2023-11-05T20:46:32+00:00\",\"description\":\"El IES Alfonso X el Sabio de Murcia convoca su I Encuentro Internacional de Estudiantes Investigadores y Creativos (I+C+IAX), que se celebrar\\u00e1 los d\\u00edas 27, 28 y 29 de marzo de 2020.\",\"breadcrumb\":{\"@id\":\"https:\/\/www.iax.es\/iciax\/#breadcrumb\"},\"inLanguage\":\"es\",\"potentialAction\":[{\"@type\":\"ReadAction\",\"target\":[\"https:\/\/www.iax.es\/iciax\/\"]}]},{\"@type\":\"BreadcrumbList\",\"@id\":\"https:\/\/www.iax.es\/iciax\/#breadcrumb\",\"itemListElement\":[{\"@type\":\"ListItem\",\"position\":1,\"name\":\"Portada\",\"item\":\"https:\/\/www.iax.es\/iciax\/\"},{\"@type\":\"ListItem\",\"position\":2,\"name\":\"III ECUENTRO DE J\\u00d3VENES INVESTIGADORES Y CREATIVOS\"}]}]}<\/script>\n<!-- \/ Yoast SEO plugin. -->","_links":{"self":[{"href":"https:\/\/www.iax.es\/iciax\/wp-json\/wp\/v2\/pages\/27"}],"collection":[{"href":"https:\/\/www.iax.es\/iciax\/wp-json\/wp\/v2\/pages"}],"about":[{"href":"https:\/\/www.iax.es\/iciax\/wp-json\/wp\/v2\/types\/page"}],"author":[{"embeddable":true,"href":"https:\/\/www.iax.es\/iciax\/wp-json\/wp\/v2\/users\/3"}],"replies":[{"embeddable":true,"href":"https:\/\/www.iax.es\/iciax\/wp-json\/wp\/v2\/comments?post=27"}],"version-history":[{"count":25,"href":"https:\/\/www.iax.es\/iciax\/wp-json\/wp\/v2\/pages\/27\/revisions"}],"predecessor-version":[{"id":221,"href":"https:\/\/www.iax.es\/iciax\/wp-json\/wp\/v2\/pages\/27\/revisions\/221"}],"wp:featuredmedia":[{"embeddable":true,"href":"https:\/\/www.iax.es\/iciax\/wp-json\/wp\/v2\/media\/136"}],"wp:attachment":[{"href":"https:\/\/www.iax.es\/iciax\/wp-json\/wp\/v2\/media?parent=27"}],"curies":[{"name":"wp","href":"https:\/\/api.w.org\/{rel}","templated":true}]}}