{"id":38,"date":"2019-10-03T10:20:22","date_gmt":"2019-10-03T08:20:22","guid":{"rendered":"https:\/\/www.iax.es\/iciax\/?page_id=38"},"modified":"2020-01-29T08:32:51","modified_gmt":"2020-01-29T07:32:51","slug":"normas","status":"publish","type":"page","link":"https:\/\/www.iax.es\/iciax\/normas\/","title":{"rendered":"Normas"},"content":{"rendered":"\n<p>Para el correcto desarrollo del I+C+IAX 2020, rogamos a los asistentes que lean y tengan en cuenta las siguientes <strong>normas del evento<\/strong>:<\/p>\n\n\n\n<ul><li>La entrega de credenciales y documentaci\u00f3n a cada participante se efectuar\u00e1 el <strong>s\u00e1bado 28 de marzo en horario de 9:00 a 9:45 horas<\/strong>. Fuera de ese horario no se entregar\u00e1n.<\/li><li>En el vest\u00edbulo del instituto habr\u00e1 varias personas de la organizaci\u00f3n para resolver o informar de cualquier incidencia que se pueda presentar en el desarrollo del encuentro.<\/li><li>Los participantes en el encuentro deben asistir a todas las actividades y actos previstos en el programa. La organizaci\u00f3n controlar\u00e1 la asistencia mediante hojas de firmas, a efectos de dar o no la correspondiente certificaci\u00f3n.<\/li><li>Todos los asistentes deben llevar siempre su acreditaci\u00f3n, que podr\u00e1 ser solicitada por la organizaci\u00f3n en cualquier momento. Para participar en los diferentes actos culturales se deber\u00e1 presentar la correspondiente acreditaci\u00f3n junto con el vale, bono, etc.<\/li><li>Se ruega puntualidad a todos los asistentes al Congreso. Si en la hora asignada para las exposiciones  no est\u00e1n presente los ponentes, perder\u00e1n el derecho a la presentaci\u00f3n de su trabajo, sin posibilidad de hacerlo en otro momento.<\/li><\/ul>\n","protected":false},"excerpt":{"rendered":"<p>Para el correcto desarrollo del I+C+IAX 2020, rogamos a los asistentes que lean y tengan en cuenta las siguientes normas del evento: La entrega de credenciales y documentaci\u00f3n a cada participante se efectuar\u00e1 el s\u00e1bado 28 de marzo en horario de 9:00 a 9:45 horas. Fuera de ese horario no se entregar\u00e1n. En el vest\u00edbulo [&hellip;]<\/p>\n","protected":false},"author":3,"featured_media":101,"parent":0,"menu_order":4,"comment_status":"closed","ping_status":"closed","template":"","meta":[],"yoast_head":"<!-- This site is optimized with the Yoast SEO plugin v16.6.1 - https:\/\/yoast.com\/wordpress\/plugins\/seo\/ -->\n<title>Normas - I+C+IAX<\/title>\n<meta name=\"robots\" content=\"index, follow, max-snippet:-1, max-image-preview:large, max-video-preview:-1\" \/>\n<link rel=\"canonical\" href=\"https:\/\/www.iax.es\/iciax\/normas\/\" \/>\n<meta property=\"og:locale\" content=\"es_ES\" \/>\n<meta property=\"og:type\" content=\"article\" \/>\n<meta property=\"og:title\" content=\"Normas - I+C+IAX\" \/>\n<meta property=\"og:description\" content=\"Para el correcto desarrollo del I+C+IAX 2020, rogamos a los asistentes que lean y tengan en cuenta las siguientes normas del evento: La entrega de credenciales y documentaci\u00f3n a cada participante se efectuar\u00e1 el s\u00e1bado 28 de marzo en horario de 9:00 a 9:45 horas. Fuera de ese horario no se entregar\u00e1n. En el vest\u00edbulo [&hellip;]\" \/>\n<meta property=\"og:url\" content=\"https:\/\/www.iax.es\/iciax\/normas\/\" \/>\n<meta property=\"og:site_name\" content=\"I+C+IAX\" \/>\n<meta property=\"article:modified_time\" content=\"2020-01-29T07:32:51+00:00\" \/>\n<meta property=\"og:image\" content=\"https:\/\/www.iax.es\/iciax\/wp-content\/uploads\/sites\/7\/2019\/11\/iciax-bktest-1.jpg\" \/>\n\t<meta property=\"og:image:width\" content=\"1920\" \/>\n\t<meta property=\"og:image:height\" content=\"1080\" \/>\n<meta name=\"twitter:card\" content=\"summary_large_image\" \/>\n<meta name=\"twitter:label1\" content=\"Tiempo de lectura\" \/>\n\t<meta name=\"twitter:data1\" content=\"1 minuto\" \/>\n<script type=\"application\/ld+json\" class=\"yoast-schema-graph\">{\"@context\":\"https:\/\/schema.org\",\"@graph\":[{\"@type\":\"WebSite\",\"@id\":\"https:\/\/www.iax.es\/iciax\/#website\",\"url\":\"https:\/\/www.iax.es\/iciax\/\",\"name\":\"I+C+IAX\",\"description\":\"I Encuentro internacional de estudiantes investigadores y creativos del IES Alfonso X El Sabio\",\"potentialAction\":[{\"@type\":\"SearchAction\",\"target\":{\"@type\":\"EntryPoint\",\"urlTemplate\":\"https:\/\/www.iax.es\/iciax\/?s={search_term_string}\"},\"query-input\":\"required name=search_term_string\"}],\"inLanguage\":\"es\"},{\"@type\":\"ImageObject\",\"@id\":\"https:\/\/www.iax.es\/iciax\/normas\/#primaryimage\",\"inLanguage\":\"es\",\"url\":\"https:\/\/www.iax.es\/iciax\/wp-content\/uploads\/sites\/7\/2019\/11\/iciax-bktest-1.jpg\",\"contentUrl\":\"https:\/\/www.iax.es\/iciax\/wp-content\/uploads\/sites\/7\/2019\/11\/iciax-bktest-1.jpg\",\"width\":1920,\"height\":1080},{\"@type\":\"WebPage\",\"@id\":\"https:\/\/www.iax.es\/iciax\/normas\/#webpage\",\"url\":\"https:\/\/www.iax.es\/iciax\/normas\/\",\"name\":\"Normas - I+C+IAX\",\"isPartOf\":{\"@id\":\"https:\/\/www.iax.es\/iciax\/#website\"},\"primaryImageOfPage\":{\"@id\":\"https:\/\/www.iax.es\/iciax\/normas\/#primaryimage\"},\"datePublished\":\"2019-10-03T08:20:22+00:00\",\"dateModified\":\"2020-01-29T07:32:51+00:00\",\"breadcrumb\":{\"@id\":\"https:\/\/www.iax.es\/iciax\/normas\/#breadcrumb\"},\"inLanguage\":\"es\",\"potentialAction\":[{\"@type\":\"ReadAction\",\"target\":[\"https:\/\/www.iax.es\/iciax\/normas\/\"]}]},{\"@type\":\"BreadcrumbList\",\"@id\":\"https:\/\/www.iax.es\/iciax\/normas\/#breadcrumb\",\"itemListElement\":[{\"@type\":\"ListItem\",\"position\":1,\"name\":\"Portada\",\"item\":\"https:\/\/www.iax.es\/iciax\/\"},{\"@type\":\"ListItem\",\"position\":2,\"name\":\"Normas\"}]}]}<\/script>\n<!-- \/ Yoast SEO plugin. -->","_links":{"self":[{"href":"https:\/\/www.iax.es\/iciax\/wp-json\/wp\/v2\/pages\/38"}],"collection":[{"href":"https:\/\/www.iax.es\/iciax\/wp-json\/wp\/v2\/pages"}],"about":[{"href":"https:\/\/www.iax.es\/iciax\/wp-json\/wp\/v2\/types\/page"}],"author":[{"embeddable":true,"href":"https:\/\/www.iax.es\/iciax\/wp-json\/wp\/v2\/users\/3"}],"replies":[{"embeddable":true,"href":"https:\/\/www.iax.es\/iciax\/wp-json\/wp\/v2\/comments?post=38"}],"version-history":[{"count":6,"href":"https:\/\/www.iax.es\/iciax\/wp-json\/wp\/v2\/pages\/38\/revisions"}],"predecessor-version":[{"id":176,"href":"https:\/\/www.iax.es\/iciax\/wp-json\/wp\/v2\/pages\/38\/revisions\/176"}],"wp:featuredmedia":[{"embeddable":true,"href":"https:\/\/www.iax.es\/iciax\/wp-json\/wp\/v2\/media\/101"}],"wp:attachment":[{"href":"https:\/\/www.iax.es\/iciax\/wp-json\/wp\/v2\/media?parent=38"}],"curies":[{"name":"wp","href":"https:\/\/api.w.org\/{rel}","templated":true}]}}