{"id":9,"date":"2019-10-29T09:44:48","date_gmt":"2019-09-23T08:58:10","guid":{"rendered":"https:\/\/www.iax.es\/iciax\/?page_id=9"},"modified":"2023-10-20T09:28:35","modified_gmt":"2023-10-20T07:28:35","slug":"info","status":"publish","type":"page","link":"https:\/\/www.iax.es\/iciax\/info\/","title":{"rendered":"Informaci\u00f3n"},"content":{"rendered":"\n<h2>Fecha<\/h2>\n\n\n\n<p>20, 21 y 22 de marzo de 2024<\/p>\n\n\n\n<h2>Participantes<\/h2>\n\n\n\n<p>Estudiantes de Bachillerato de los sistemas de ense\u00f1anza regional, nacional e internacional, as\u00ed como el profesorado adscrito a dichas ense\u00f1anzas. <\/p>\n\n\n\n<h2>Idiomas de las ponencias<\/h2>\n\n\n\n<p>Los idiomas utilizados por los estudiantes ser\u00e1n preferentemente el espa\u00f1ol y el ingl\u00e9s<strong>.<\/strong><\/p>\n\n\n\n<h2>Objetivos<\/h2>\n\n\n\n<ul><li>Promover el conocimiento generado por los estudiantes a trav\u00e9s de sus propias investigaciones.  <\/li><li>Impulsar el conocimiento interdisciplinar atendiendo a todas las \u00e1reas del conocimiento.<\/li><li>Fomentar la  creatividad art\u00edstica a trav\u00e9s de la difusi\u00f3n de creaciones producidas por los estudiantes.<\/li><li>Fomentar el multiling\u00fcismo a trav\u00e9s  de comunicaciones en distintas lenguas.<\/li><li>Favorecer la capacidad de los estudiantes para elaborar, exponer y argumentar de forma razonada proyectos y resultados de investigaci\u00f3n.<\/li><li>Favorecer la reflexi\u00f3n acerca de los procesos creativos, as\u00ed como de sus resultados.<\/li><li>Propiciar las relaciones entre el alumnado de distintas comunidades o pa\u00edses basadas en el conocimiento.<\/li><\/ul>\n\n\n\n<h2>Organizadores<\/h2>\n\n\n\n<ul><li>Departamento de Bachillerato internacional del IES Alfonso X el Sabio<\/li><li>Direcci\u00f3n del IES Alfonso X el Sabio<\/li><li>AMPA del IES Alfonso X el Sabio<\/li><\/ul>\n\n\n\n<h2>Colaboradores<\/h2>\n\n\n\n<ul><li>Consejer\u00eda de Educaci\u00f3n y Cultura de la Comunidad Aut\u00f3noma de la Regi\u00f3n de Murcia<\/li><li>Ayuntamiento de Murcia<\/li><li>Universidad de Murcia<\/li><li>Agencia de viajes <a rel=\"noreferrer noopener\" href=\"http:\/\/www.kenyatravel.es\/\" target=\"_blank\">Kenya Travel<\/a><\/li><\/ul>\n\n\n\n<h2>Certificaci\u00f3n<\/h2>\n\n\n\n<ul><li>Certificado expedido por el comit\u00e9 organizador del congreso para los alumnos participantes.<\/li><\/ul>\n","protected":false},"excerpt":{"rendered":"<p>Fecha 20, 21 y 22 de marzo de 2024 Participantes Estudiantes de Bachillerato de los sistemas de ense\u00f1anza regional, nacional e internacional, as\u00ed como el profesorado adscrito a dichas ense\u00f1anzas. Idiomas de las ponencias Los idiomas utilizados por los estudiantes ser\u00e1n preferentemente el espa\u00f1ol y el ingl\u00e9s. Objetivos Promover el conocimiento generado por los estudiantes [&hellip;]<\/p>\n","protected":false},"author":3,"featured_media":101,"parent":0,"menu_order":0,"comment_status":"closed","ping_status":"closed","template":"","meta":[],"yoast_head":"<!-- This site is optimized with the Yoast SEO plugin v16.6.1 - https:\/\/yoast.com\/wordpress\/plugins\/seo\/ -->\n<title>Informaci\u00f3n - I+C+IAX<\/title>\n<meta name=\"robots\" content=\"index, follow, max-snippet:-1, max-image-preview:large, max-video-preview:-1\" \/>\n<link rel=\"canonical\" href=\"https:\/\/www.iax.es\/iciax\/info\/\" \/>\n<meta property=\"og:locale\" content=\"es_ES\" \/>\n<meta property=\"og:type\" content=\"article\" \/>\n<meta property=\"og:title\" content=\"Informaci\u00f3n - I+C+IAX\" \/>\n<meta property=\"og:description\" content=\"Fecha 20, 21 y 22 de marzo de 2024 Participantes Estudiantes de Bachillerato de los sistemas de ense\u00f1anza regional, nacional e internacional, as\u00ed como el profesorado adscrito a dichas ense\u00f1anzas. Idiomas de las ponencias Los idiomas utilizados por los estudiantes ser\u00e1n preferentemente el espa\u00f1ol y el ingl\u00e9s. Objetivos Promover el conocimiento generado por los estudiantes [&hellip;]\" \/>\n<meta property=\"og:url\" content=\"https:\/\/www.iax.es\/iciax\/info\/\" \/>\n<meta property=\"og:site_name\" content=\"I+C+IAX\" \/>\n<meta property=\"article:modified_time\" content=\"2023-10-20T07:28:35+00:00\" \/>\n<meta property=\"og:image\" content=\"https:\/\/www.iax.es\/iciax\/wp-content\/uploads\/sites\/7\/2019\/11\/iciax-bktest-1.jpg\" \/>\n\t<meta property=\"og:image:width\" content=\"1920\" \/>\n\t<meta property=\"og:image:height\" content=\"1080\" \/>\n<meta name=\"twitter:card\" content=\"summary_large_image\" \/>\n<meta name=\"twitter:label1\" content=\"Tiempo de lectura\" \/>\n\t<meta name=\"twitter:data1\" content=\"1 minuto\" \/>\n<script type=\"application\/ld+json\" class=\"yoast-schema-graph\">{\"@context\":\"https:\/\/schema.org\",\"@graph\":[{\"@type\":\"WebSite\",\"@id\":\"https:\/\/www.iax.es\/iciax\/#website\",\"url\":\"https:\/\/www.iax.es\/iciax\/\",\"name\":\"I+C+IAX\",\"description\":\"I Encuentro internacional de estudiantes investigadores y creativos del IES Alfonso X El Sabio\",\"potentialAction\":[{\"@type\":\"SearchAction\",\"target\":{\"@type\":\"EntryPoint\",\"urlTemplate\":\"https:\/\/www.iax.es\/iciax\/?s={search_term_string}\"},\"query-input\":\"required name=search_term_string\"}],\"inLanguage\":\"es\"},{\"@type\":\"ImageObject\",\"@id\":\"https:\/\/www.iax.es\/iciax\/info\/#primaryimage\",\"inLanguage\":\"es\",\"url\":\"https:\/\/www.iax.es\/iciax\/wp-content\/uploads\/sites\/7\/2019\/11\/iciax-bktest-1.jpg\",\"contentUrl\":\"https:\/\/www.iax.es\/iciax\/wp-content\/uploads\/sites\/7\/2019\/11\/iciax-bktest-1.jpg\",\"width\":1920,\"height\":1080},{\"@type\":\"WebPage\",\"@id\":\"https:\/\/www.iax.es\/iciax\/info\/#webpage\",\"url\":\"https:\/\/www.iax.es\/iciax\/info\/\",\"name\":\"Informaci\\u00f3n - I+C+IAX\",\"isPartOf\":{\"@id\":\"https:\/\/www.iax.es\/iciax\/#website\"},\"primaryImageOfPage\":{\"@id\":\"https:\/\/www.iax.es\/iciax\/info\/#primaryimage\"},\"datePublished\":\"2019-09-23T08:58:10+00:00\",\"dateModified\":\"2023-10-20T07:28:35+00:00\",\"breadcrumb\":{\"@id\":\"https:\/\/www.iax.es\/iciax\/info\/#breadcrumb\"},\"inLanguage\":\"es\",\"potentialAction\":[{\"@type\":\"ReadAction\",\"target\":[\"https:\/\/www.iax.es\/iciax\/info\/\"]}]},{\"@type\":\"BreadcrumbList\",\"@id\":\"https:\/\/www.iax.es\/iciax\/info\/#breadcrumb\",\"itemListElement\":[{\"@type\":\"ListItem\",\"position\":1,\"name\":\"Portada\",\"item\":\"https:\/\/www.iax.es\/iciax\/\"},{\"@type\":\"ListItem\",\"position\":2,\"name\":\"Informaci\\u00f3n\"}]}]}<\/script>\n<!-- \/ Yoast SEO plugin. -->","_links":{"self":[{"href":"https:\/\/www.iax.es\/iciax\/wp-json\/wp\/v2\/pages\/9"}],"collection":[{"href":"https:\/\/www.iax.es\/iciax\/wp-json\/wp\/v2\/pages"}],"about":[{"href":"https:\/\/www.iax.es\/iciax\/wp-json\/wp\/v2\/types\/page"}],"author":[{"embeddable":true,"href":"https:\/\/www.iax.es\/iciax\/wp-json\/wp\/v2\/users\/3"}],"replies":[{"embeddable":true,"href":"https:\/\/www.iax.es\/iciax\/wp-json\/wp\/v2\/comments?post=9"}],"version-history":[{"count":18,"href":"https:\/\/www.iax.es\/iciax\/wp-json\/wp\/v2\/pages\/9\/revisions"}],"predecessor-version":[{"id":191,"href":"https:\/\/www.iax.es\/iciax\/wp-json\/wp\/v2\/pages\/9\/revisions\/191"}],"wp:featuredmedia":[{"embeddable":true,"href":"https:\/\/www.iax.es\/iciax\/wp-json\/wp\/v2\/media\/101"}],"wp:attachment":[{"href":"https:\/\/www.iax.es\/iciax\/wp-json\/wp\/v2\/media?parent=9"}],"curies":[{"name":"wp","href":"https:\/\/api.w.org\/{rel}","templated":true}]}}